{"id":390,"date":"2024-11-24T10:19:50","date_gmt":"2024-11-24T09:19:50","guid":{"rendered":"https:\/\/www.educ-montessori.com\/?page_id=390"},"modified":"2025-08-23T19:09:03","modified_gmt":"2025-08-23T17:09:03","slug":"grammaire","status":"publish","type":"page","link":"https:\/\/www.educ-montessori.com\/index.php\/grammaire\/","title":{"rendered":"Grammaire"},"content":{"rendered":"\n<figure class=\"wp-block-image size-full is-resized is-style-default\" style=\"margin-top:0;margin-right:0;margin-bottom:0;margin-left:0\"><img loading=\"lazy\" decoding=\"async\" width=\"1000\" height=\"570\" src=\"http:\/\/www.educ-montessori.com\/wp-content\/uploads\/2025\/08\/50-symboles-magnetiques-grammaire-montessori-1-1.jpg\" alt=\"\" class=\"wp-image-2255\" style=\"aspect-ratio:16\/9;object-fit:cover;width:727px;height:auto\" srcset=\"https:\/\/www.educ-montessori.com\/wp-content\/uploads\/2025\/08\/50-symboles-magnetiques-grammaire-montessori-1-1.jpg 1000w, https:\/\/www.educ-montessori.com\/wp-content\/uploads\/2025\/08\/50-symboles-magnetiques-grammaire-montessori-1-1-300x171.jpg 300w, https:\/\/www.educ-montessori.com\/wp-content\/uploads\/2025\/08\/50-symboles-magnetiques-grammaire-montessori-1-1-768x438.jpg 768w\" sizes=\"auto, (max-width: 1000px) 100vw, 1000px\" \/><\/figure>\n\n\n\n<h2 class=\"wp-block-heading has-huge-font-size\"><a href=\"http:\/\/www.educ-montessori.com\/index.php\/2024\/12\/11\/les-avantages-de-la-grammaire-montessori-en-cycle-2\/\">Les avantages de la grammaire Montessori en cycle 2<\/a><\/h2>\n\n\n\n<h2 class=\"wp-block-heading\">La grammaire est souvent per\u00e7ue comme un sujet complexe et abstrait pour les jeunes enfants.<strong> <\/strong><\/h2>\n\n\n\n<div class=\"wp-block-media-text is-stacked-on-mobile is-image-fill-element\" style=\"grid-template-columns:32% auto\"><figure class=\"wp-block-media-text__media\"><img loading=\"lazy\" decoding=\"async\" width=\"1024\" height=\"1024\" src=\"http:\/\/www.educ-montessori.com\/wp-content\/uploads\/2025\/08\/60-1024x1024.png\" alt=\"\" class=\"wp-image-2257 size-full\" style=\"object-position:50% 50%\" srcset=\"https:\/\/www.educ-montessori.com\/wp-content\/uploads\/2025\/08\/60-1024x1024.png 1024w, https:\/\/www.educ-montessori.com\/wp-content\/uploads\/2025\/08\/60-300x300.png 300w, https:\/\/www.educ-montessori.com\/wp-content\/uploads\/2025\/08\/60-150x150.png 150w, https:\/\/www.educ-montessori.com\/wp-content\/uploads\/2025\/08\/60-768x768.png 768w, https:\/\/www.educ-montessori.com\/wp-content\/uploads\/2025\/08\/60.png 1080w\" sizes=\"auto, (max-width: 1024px) 100vw, 1024px\" \/><\/figure><div class=\"wp-block-media-text__content\">\n<p style=\"font-size:19px\">Pourtant, la p\u00e9dagogie Montessori transforme cet apprentissage en une exp\u00e9rience sensorielle et ludique, parfaitement adapt\u00e9e <strong>aux \u00e9l\u00e8ves de cycle 2.<\/strong> Gr\u00e2ce \u00e0 l\u2019utilisation de symboles concrets, les enfants peuvent manipuler, exp\u00e9rimenter et comprendre les notions grammaticales de mani\u00e8re intuitive et progressive. <a href=\"http:\/\/www.educ-montessori.com\/index.php\/2024\/12\/11\/les-avantages-de-la-grammaire-montessori-en-cycle-2\/\">Lire la suite&#8230;<\/a><\/p>\n<\/div><\/div>\n\n\n\n<figure class=\"wp-block-image size-large\"><img loading=\"lazy\" decoding=\"async\" width=\"1024\" height=\"88\" src=\"http:\/\/www.educ-montessori.com\/wp-content\/uploads\/2025\/08\/ban-determinant-1-1024x88.gif\" alt=\"\" class=\"wp-image-2284\" srcset=\"https:\/\/www.educ-montessori.com\/wp-content\/uploads\/2025\/08\/ban-determinant-1-1024x88.gif 1024w, https:\/\/www.educ-montessori.com\/wp-content\/uploads\/2025\/08\/ban-determinant-1-300x26.gif 300w, https:\/\/www.educ-montessori.com\/wp-content\/uploads\/2025\/08\/ban-determinant-1-768x66.gif 768w\" sizes=\"auto, (max-width: 1024px) 100vw, 1024px\" \/><\/figure>\n\n\n\n<h2 class=\"wp-block-heading has-text-align-center\" style=\"font-size:60px\">Mes ressources<\/h2>\n\n\n\n<figure class=\"wp-block-gallery has-nested-images columns-default is-cropped wp-block-gallery-1 is-layout-flex wp-block-gallery-is-layout-flex\">\n<figure class=\"wp-block-image size-large\"><a href=\"http:\/\/www.educ-montessori.com\/index.php\/2024\/12\/11\/grammaire-montessori\/\"><img loading=\"lazy\" decoding=\"async\" width=\"1024\" height=\"1024\" data-id=\"2260\" src=\"http:\/\/www.educ-montessori.com\/wp-content\/uploads\/2025\/08\/48-1024x1024.png\" alt=\"\" class=\"wp-image-2260\" srcset=\"https:\/\/www.educ-montessori.com\/wp-content\/uploads\/2025\/08\/48-1024x1024.png 1024w, https:\/\/www.educ-montessori.com\/wp-content\/uploads\/2025\/08\/48-300x300.png 300w, https:\/\/www.educ-montessori.com\/wp-content\/uploads\/2025\/08\/48-150x150.png 150w, https:\/\/www.educ-montessori.com\/wp-content\/uploads\/2025\/08\/48-768x768.png 768w, https:\/\/www.educ-montessori.com\/wp-content\/uploads\/2025\/08\/48.png 1080w\" sizes=\"auto, (max-width: 1024px) 100vw, 1024px\" \/><\/a><\/figure>\n\n\n\n<figure class=\"wp-block-image size-large\"><a href=\"http:\/\/www.educ-montessori.com\/index.php\/nom-et-determinant\/\"><img loading=\"lazy\" decoding=\"async\" width=\"1024\" height=\"1024\" data-id=\"2258\" src=\"http:\/\/www.educ-montessori.com\/wp-content\/uploads\/2025\/08\/49-1024x1024.png\" alt=\"\" class=\"wp-image-2258\" srcset=\"https:\/\/www.educ-montessori.com\/wp-content\/uploads\/2025\/08\/49-1024x1024.png 1024w, https:\/\/www.educ-montessori.com\/wp-content\/uploads\/2025\/08\/49-300x300.png 300w, https:\/\/www.educ-montessori.com\/wp-content\/uploads\/2025\/08\/49-150x150.png 150w, https:\/\/www.educ-montessori.com\/wp-content\/uploads\/2025\/08\/49-768x768.png 768w, https:\/\/www.educ-montessori.com\/wp-content\/uploads\/2025\/08\/49.png 1080w\" sizes=\"auto, (max-width: 1024px) 100vw, 1024px\" \/><\/a><\/figure>\n\n\n\n<figure class=\"wp-block-image size-large\"><a href=\"http:\/\/www.educ-montessori.com\/index.php\/nom-et-determinant\/\"><img loading=\"lazy\" decoding=\"async\" width=\"1024\" height=\"1024\" data-id=\"2262\" src=\"http:\/\/www.educ-montessori.com\/wp-content\/uploads\/2025\/08\/50-1024x1024.png\" alt=\"\" class=\"wp-image-2262\" srcset=\"https:\/\/www.educ-montessori.com\/wp-content\/uploads\/2025\/08\/50-1024x1024.png 1024w, https:\/\/www.educ-montessori.com\/wp-content\/uploads\/2025\/08\/50-300x300.png 300w, https:\/\/www.educ-montessori.com\/wp-content\/uploads\/2025\/08\/50-150x150.png 150w, https:\/\/www.educ-montessori.com\/wp-content\/uploads\/2025\/08\/50-768x768.png 768w, https:\/\/www.educ-montessori.com\/wp-content\/uploads\/2025\/08\/50.png 1080w\" sizes=\"auto, (max-width: 1024px) 100vw, 1024px\" \/><\/a><\/figure>\n\n\n\n<figure class=\"wp-block-image size-large\"><img loading=\"lazy\" decoding=\"async\" width=\"1024\" height=\"1024\" data-id=\"2259\" src=\"http:\/\/www.educ-montessori.com\/wp-content\/uploads\/2025\/08\/51-1024x1024.png\" alt=\"\" class=\"wp-image-2259\" srcset=\"https:\/\/www.educ-montessori.com\/wp-content\/uploads\/2025\/08\/51-1024x1024.png 1024w, https:\/\/www.educ-montessori.com\/wp-content\/uploads\/2025\/08\/51-300x300.png 300w, https:\/\/www.educ-montessori.com\/wp-content\/uploads\/2025\/08\/51-150x150.png 150w, https:\/\/www.educ-montessori.com\/wp-content\/uploads\/2025\/08\/51-768x768.png 768w, https:\/\/www.educ-montessori.com\/wp-content\/uploads\/2025\/08\/51.png 1080w\" sizes=\"auto, (max-width: 1024px) 100vw, 1024px\" \/><\/figure>\n\n\n\n<figure class=\"wp-block-image size-large\"><img loading=\"lazy\" decoding=\"async\" width=\"1024\" height=\"1024\" data-id=\"2261\" src=\"http:\/\/www.educ-montessori.com\/wp-content\/uploads\/2025\/08\/52-1024x1024.png\" alt=\"\" class=\"wp-image-2261\" srcset=\"https:\/\/www.educ-montessori.com\/wp-content\/uploads\/2025\/08\/52-1024x1024.png 1024w, https:\/\/www.educ-montessori.com\/wp-content\/uploads\/2025\/08\/52-300x300.png 300w, https:\/\/www.educ-montessori.com\/wp-content\/uploads\/2025\/08\/52-150x150.png 150w, https:\/\/www.educ-montessori.com\/wp-content\/uploads\/2025\/08\/52-768x768.png 768w, https:\/\/www.educ-montessori.com\/wp-content\/uploads\/2025\/08\/52.png 1080w\" sizes=\"auto, (max-width: 1024px) 100vw, 1024px\" \/><\/figure>\n\n\n\n<figure class=\"wp-block-image size-large\"><img loading=\"lazy\" decoding=\"async\" width=\"1024\" height=\"1024\" data-id=\"2263\" src=\"http:\/\/www.educ-montessori.com\/wp-content\/uploads\/2025\/08\/53-1024x1024.png\" alt=\"\" class=\"wp-image-2263\" srcset=\"https:\/\/www.educ-montessori.com\/wp-content\/uploads\/2025\/08\/53-1024x1024.png 1024w, https:\/\/www.educ-montessori.com\/wp-content\/uploads\/2025\/08\/53-300x300.png 300w, https:\/\/www.educ-montessori.com\/wp-content\/uploads\/2025\/08\/53-150x150.png 150w, https:\/\/www.educ-montessori.com\/wp-content\/uploads\/2025\/08\/53-768x768.png 768w, https:\/\/www.educ-montessori.com\/wp-content\/uploads\/2025\/08\/53.png 1080w\" sizes=\"auto, (max-width: 1024px) 100vw, 1024px\" \/><\/figure>\n\n\n\n<figure class=\"wp-block-image size-large\"><a href=\"http:\/\/www.educ-montessori.com\/index.php\/verbe\/\"><img loading=\"lazy\" decoding=\"async\" width=\"1024\" height=\"1024\" data-id=\"2264\" src=\"http:\/\/www.educ-montessori.com\/wp-content\/uploads\/2025\/08\/54-1024x1024.png\" alt=\"\" class=\"wp-image-2264\" srcset=\"https:\/\/www.educ-montessori.com\/wp-content\/uploads\/2025\/08\/54-1024x1024.png 1024w, https:\/\/www.educ-montessori.com\/wp-content\/uploads\/2025\/08\/54-300x300.png 300w, https:\/\/www.educ-montessori.com\/wp-content\/uploads\/2025\/08\/54-150x150.png 150w, https:\/\/www.educ-montessori.com\/wp-content\/uploads\/2025\/08\/54-768x768.png 768w, https:\/\/www.educ-montessori.com\/wp-content\/uploads\/2025\/08\/54.png 1080w\" sizes=\"auto, (max-width: 1024px) 100vw, 1024px\" \/><\/a><\/figure>\n\n\n\n<figure class=\"wp-block-image size-large\"><img loading=\"lazy\" decoding=\"async\" width=\"1024\" height=\"1024\" data-id=\"2265\" src=\"http:\/\/www.educ-montessori.com\/wp-content\/uploads\/2025\/08\/55-1024x1024.png\" alt=\"\" class=\"wp-image-2265\" srcset=\"https:\/\/www.educ-montessori.com\/wp-content\/uploads\/2025\/08\/55-1024x1024.png 1024w, https:\/\/www.educ-montessori.com\/wp-content\/uploads\/2025\/08\/55-300x300.png 300w, https:\/\/www.educ-montessori.com\/wp-content\/uploads\/2025\/08\/55-150x150.png 150w, https:\/\/www.educ-montessori.com\/wp-content\/uploads\/2025\/08\/55-768x768.png 768w, https:\/\/www.educ-montessori.com\/wp-content\/uploads\/2025\/08\/55.png 1080w\" sizes=\"auto, (max-width: 1024px) 100vw, 1024px\" \/><\/figure>\n\n\n\n<figure class=\"wp-block-image size-large\"><img loading=\"lazy\" decoding=\"async\" width=\"1024\" height=\"1024\" data-id=\"2266\" src=\"http:\/\/www.educ-montessori.com\/wp-content\/uploads\/2025\/08\/56-1024x1024.png\" alt=\"\" class=\"wp-image-2266\" srcset=\"https:\/\/www.educ-montessori.com\/wp-content\/uploads\/2025\/08\/56-1024x1024.png 1024w, https:\/\/www.educ-montessori.com\/wp-content\/uploads\/2025\/08\/56-300x300.png 300w, https:\/\/www.educ-montessori.com\/wp-content\/uploads\/2025\/08\/56-150x150.png 150w, https:\/\/www.educ-montessori.com\/wp-content\/uploads\/2025\/08\/56-768x768.png 768w, https:\/\/www.educ-montessori.com\/wp-content\/uploads\/2025\/08\/56.png 1080w\" sizes=\"auto, (max-width: 1024px) 100vw, 1024px\" \/><\/figure>\n\n\n\n<figure class=\"wp-block-image size-large\"><img loading=\"lazy\" decoding=\"async\" width=\"1024\" height=\"1024\" data-id=\"2267\" src=\"http:\/\/www.educ-montessori.com\/wp-content\/uploads\/2025\/08\/57-1024x1024.png\" alt=\"\" class=\"wp-image-2267\" srcset=\"https:\/\/www.educ-montessori.com\/wp-content\/uploads\/2025\/08\/57-1024x1024.png 1024w, https:\/\/www.educ-montessori.com\/wp-content\/uploads\/2025\/08\/57-300x300.png 300w, https:\/\/www.educ-montessori.com\/wp-content\/uploads\/2025\/08\/57-150x150.png 150w, https:\/\/www.educ-montessori.com\/wp-content\/uploads\/2025\/08\/57-768x768.png 768w, https:\/\/www.educ-montessori.com\/wp-content\/uploads\/2025\/08\/57.png 1080w\" sizes=\"auto, (max-width: 1024px) 100vw, 1024px\" \/><\/figure>\n\n\n\n<figure class=\"wp-block-image size-large\"><a href=\"https:\/\/www.educ-montessori.com\/index.php\/2025\/08\/23\/parcours-de-grammaire\/\"><img loading=\"lazy\" decoding=\"async\" width=\"1024\" height=\"1024\" data-id=\"2268\" src=\"http:\/\/www.educ-montessori.com\/wp-content\/uploads\/2025\/08\/Arts7-1024x1024.png\" alt=\"\" class=\"wp-image-2268\" srcset=\"https:\/\/www.educ-montessori.com\/wp-content\/uploads\/2025\/08\/Arts7-1024x1024.png 1024w, https:\/\/www.educ-montessori.com\/wp-content\/uploads\/2025\/08\/Arts7-300x300.png 300w, https:\/\/www.educ-montessori.com\/wp-content\/uploads\/2025\/08\/Arts7-150x150.png 150w, https:\/\/www.educ-montessori.com\/wp-content\/uploads\/2025\/08\/Arts7-768x768.png 768w, https:\/\/www.educ-montessori.com\/wp-content\/uploads\/2025\/08\/Arts7.png 1080w\" sizes=\"auto, (max-width: 1024px) 100vw, 1024px\" \/><\/a><\/figure>\n<\/figure>\n\n\n\n<figure class=\"wp-block-image size-large\"><img loading=\"lazy\" decoding=\"async\" width=\"1024\" height=\"88\" src=\"http:\/\/www.educ-montessori.com\/wp-content\/uploads\/2025\/08\/ban-determinant-1-1024x88.gif\" alt=\"\" class=\"wp-image-2284\" srcset=\"https:\/\/www.educ-montessori.com\/wp-content\/uploads\/2025\/08\/ban-determinant-1-1024x88.gif 1024w, https:\/\/www.educ-montessori.com\/wp-content\/uploads\/2025\/08\/ban-determinant-1-300x26.gif 300w, https:\/\/www.educ-montessori.com\/wp-content\/uploads\/2025\/08\/ban-determinant-1-768x66.gif 768w\" sizes=\"auto, (max-width: 1024px) 100vw, 1024px\" \/><\/figure>\n\n\n\n<div class=\"wp-block-group is-layout-grid wp-container-core-group-is-layout-988b637e wp-block-group-is-layout-grid\">\n<figure class=\"wp-block-image size-large\"><a href=\"https:\/\/www.educ-montessori.com\/\"><img loading=\"lazy\" decoding=\"async\" width=\"1024\" height=\"1024\" src=\"http:\/\/www.educ-montessori.com\/wp-content\/uploads\/2025\/08\/Arts1-1024x1024.png\" alt=\"\" class=\"wp-image-2066\" srcset=\"https:\/\/www.educ-montessori.com\/wp-content\/uploads\/2025\/08\/Arts1-1024x1024.png 1024w, https:\/\/www.educ-montessori.com\/wp-content\/uploads\/2025\/08\/Arts1-300x300.png 300w, https:\/\/www.educ-montessori.com\/wp-content\/uploads\/2025\/08\/Arts1-150x150.png 150w, https:\/\/www.educ-montessori.com\/wp-content\/uploads\/2025\/08\/Arts1-768x768.png 768w, https:\/\/www.educ-montessori.com\/wp-content\/uploads\/2025\/08\/Arts1.png 1080w\" sizes=\"auto, (max-width: 1024px) 100vw, 1024px\" \/><\/a><\/figure>\n\n\n\n<figure class=\"wp-block-image size-large\"><a href=\"https:\/\/ko-fi.com\/montessori_publique_cycle2\" target=\"_blank\" rel=\" noreferrer noopener\"><img loading=\"lazy\" decoding=\"async\" width=\"1024\" height=\"1024\" src=\"http:\/\/www.educ-montessori.com\/wp-content\/uploads\/2024\/11\/12-1024x1024.png\" alt=\"\" class=\"wp-image-1995\" srcset=\"https:\/\/www.educ-montessori.com\/wp-content\/uploads\/2024\/11\/12-1024x1024.png 1024w, https:\/\/www.educ-montessori.com\/wp-content\/uploads\/2024\/11\/12-300x300.png 300w, https:\/\/www.educ-montessori.com\/wp-content\/uploads\/2024\/11\/12-150x150.png 150w, https:\/\/www.educ-montessori.com\/wp-content\/uploads\/2024\/11\/12-768x768.png 768w, https:\/\/www.educ-montessori.com\/wp-content\/uploads\/2024\/11\/12.png 1080w\" sizes=\"auto, (max-width: 1024px) 100vw, 1024px\" \/><\/a><\/figure>\n\n\n\n<figure class=\"wp-block-image size-large\"><a href=\"https:\/\/www.NotAllowedScript69e33aa1aaed7instagram.com\/montessori_publique_cycle2\/\"><img loading=\"lazy\" decoding=\"async\" width=\"1024\" height=\"1024\" src=\"http:\/\/www.educ-montessori.com\/wp-content\/uploads\/2025\/08\/12-1024x1024.png\" alt=\"\" class=\"wp-image-1991\" srcset=\"https:\/\/www.educ-montessori.com\/wp-content\/uploads\/2025\/08\/12-1024x1024.png 1024w, https:\/\/www.educ-montessori.com\/wp-content\/uploads\/2025\/08\/12-300x300.png 300w, https:\/\/www.educ-montessori.com\/wp-content\/uploads\/2025\/08\/12-150x150.png 150w, https:\/\/www.educ-montessori.com\/wp-content\/uploads\/2025\/08\/12-768x768.png 768w, https:\/\/www.educ-montessori.com\/wp-content\/uploads\/2025\/08\/12.png 1080w\" sizes=\"auto, (max-width: 1024px) 100vw, 1024px\" \/><\/a><\/figure>\n<\/div>\n\n\n\n<h2 class=\"wp-block-heading has-normal-font-size\"><\/h2>\n","protected":false},"excerpt":{"rendered":"<p>Les avantages de la grammaire Montessori en cycle 2 La grammaire est souvent per\u00e7ue comme un sujet complexe et abstrait pour les jeunes enfants. Pourtant, la p\u00e9dagogie Montessori transforme cet apprentissage en une exp\u00e9rience sensorielle et ludique, parfaitement adapt\u00e9e aux \u00e9l\u00e8ves de cycle 2. Gr\u00e2ce \u00e0 l\u2019utilisation de symboles concrets, les enfants peuvent manipuler, exp\u00e9rimenter [&hellip;]<\/p>\n","protected":false},"author":2,"featured_media":0,"parent":0,"menu_order":0,"comment_status":"closed","ping_status":"closed","template":"","meta":{"_themeisle_gutenberg_block_has_review":false,"footnotes":""},"class_list":["post-390","page","type-page","status-publish","hentry"],"_links":{"self":[{"href":"https:\/\/www.educ-montessori.com\/index.php\/wp-json\/wp\/v2\/pages\/390","targetHints":{"allow":["GET"]}}],"collection":[{"href":"https:\/\/www.educ-montessori.com\/index.php\/wp-json\/wp\/v2\/pages"}],"about":[{"href":"https:\/\/www.educ-montessori.com\/index.php\/wp-json\/wp\/v2\/types\/page"}],"author":[{"embeddable":true,"href":"https:\/\/www.educ-montessori.com\/index.php\/wp-json\/wp\/v2\/users\/2"}],"replies":[{"embeddable":true,"href":"https:\/\/www.educ-montessori.com\/index.php\/wp-json\/wp\/v2\/comments?post=390"}],"version-history":[{"count":12,"href":"https:\/\/www.educ-montessori.com\/index.php\/wp-json\/wp\/v2\/pages\/390\/revisions"}],"predecessor-version":[{"id":2357,"href":"https:\/\/www.educ-montessori.com\/index.php\/wp-json\/wp\/v2\/pages\/390\/revisions\/2357"}],"wp:attachment":[{"href":"https:\/\/www.educ-montessori.com\/index.php\/wp-json\/wp\/v2\/media?parent=390"}],"curies":[{"name":"wp","href":"https:\/\/api.w.org\/{rel}","templated":true}]}}