{"id":385,"date":"2024-11-24T10:18:38","date_gmt":"2024-11-24T09:18:38","guid":{"rendered":"https:\/\/www.educ-montessori.com\/?page_id=385"},"modified":"2024-11-24T11:04:47","modified_gmt":"2024-11-24T10:04:47","slug":"ecriture","status":"publish","type":"page","link":"https:\/\/www.educ-montessori.com\/index.php\/ecriture\/","title":{"rendered":"\u00c9criture"},"content":{"rendered":"\n<figure class=\"wp-block-image size-large\"><img loading=\"lazy\" decoding=\"async\" width=\"1024\" height=\"359\" src=\"http:\/\/www.educ-montessori.com\/wp-content\/uploads\/2024\/11\/ECRITURE-1024x359.jpg\" alt=\"\" class=\"wp-image-380\" srcset=\"https:\/\/www.educ-montessori.com\/wp-content\/uploads\/2024\/11\/ECRITURE-1024x359.jpg 1024w, https:\/\/www.educ-montessori.com\/wp-content\/uploads\/2024\/11\/ECRITURE-300x105.jpg 300w, https:\/\/www.educ-montessori.com\/wp-content\/uploads\/2024\/11\/ECRITURE-768x269.jpg 768w, https:\/\/www.educ-montessori.com\/wp-content\/uploads\/2024\/11\/ECRITURE.jpg 1357w\" sizes=\"auto, (max-width: 1024px) 100vw, 1024px\" \/><\/figure>\n\n\n\n<h2 class=\"wp-block-heading has-huge-font-size\">Sous-main \u00ab\u00a0\u00e9criture\u00a0\u00bb<\/h2>\n\n\n\n<p>Sous-main \u00ab\u00a0\u00e9criture\u00a0\u00bb \u00e9pur\u00e9 pour apprendre \u00e0 bien incliner son cahier. <\/p>\n\n\n\n<ul class=\"wp-block-list\">\n<li>version droitier<\/li>\n\n\n\n<li>version gaucher<\/li>\n<\/ul>\n\n\n\n<p> <\/p>\n\n\n\n<div id=\"wp-block-themeisle-blocks-advanced-columns-bfc15f52\" class=\"wp-block-themeisle-blocks-advanced-columns has-2-columns has-desktop-equal-layout has-tablet-equal-layout has-mobile-collapsedRows-layout has-vertical-unset\"><div class=\"wp-block-themeisle-blocks-advanced-columns-overlay\"><\/div><div class=\"innerblocks-wrap\">\n<div id=\"wp-block-themeisle-blocks-advanced-column-9dc6395e\" class=\"wp-block-themeisle-blocks-advanced-column\">\n<div class=\"wp-block-buttons is-layout-flex wp-block-buttons-is-layout-flex\">\n<div class=\"wp-block-button has-custom-width wp-block-button__width-100\"><a class=\"wp-block-button__link wp-element-button\" href=\"https:\/\/www.NotAllowedScript69e5e5b229d22instagram.com\/p\/DA8yKSuImhJ\/?utm_source=ig_web_copy_link&amp;igsh=MzRlODBiNWFlZA==\">Aper\u00e7u<\/a><\/div>\n<\/div>\n<\/div>\n\n\n\n<div id=\"wp-block-themeisle-blocks-advanced-column-e5be1930\" class=\"wp-block-themeisle-blocks-advanced-column\">\n<div class=\"wp-block-buttons is-layout-flex wp-block-buttons-is-layout-flex\">\n<div class=\"wp-block-button has-custom-width wp-block-button__width-100\"><a class=\"wp-block-button__link has-vivid-red-background-color has-background wp-element-button\">T\u00e9l\u00e9charger<\/a><\/div>\n<\/div>\n<\/div>\n<\/div><\/div>\n\n\n\n<figure class=\"wp-block-gallery has-nested-images columns-default is-cropped wp-block-gallery-1 is-layout-flex wp-block-gallery-is-layout-flex\">\n<figure data-wp-context=\"{&quot;imageId&quot;:&quot;69e5e5b227628&quot;}\" data-wp-interactive=\"core\/image\" data-wp-key=\"69e5e5b227628\" class=\"wp-block-image size-large wp-lightbox-container\"><img loading=\"lazy\" decoding=\"async\" width=\"1024\" height=\"724\" data-wp-class--hide=\"state.isContentHidden\" data-wp-class--show=\"state.isContentVisible\" data-wp-init=\"callbacks.setButtonStyles\" data-wp-on--click=\"actions.showLightbox\" data-wp-on--load=\"callbacks.setButtonStyles\" data-wp-on-window--resize=\"callbacks.setButtonStyles\" data-id=\"412\" src=\"https:\/\/www.educ-montessori.com\/wp-content\/uploads\/2024\/11\/SOUS-MAIN-ECRITURE-montessori_publique_cycle2-1024x724.jpg\" alt=\"\" class=\"wp-image-412\" srcset=\"https:\/\/www.educ-montessori.com\/wp-content\/uploads\/2024\/11\/SOUS-MAIN-ECRITURE-montessori_publique_cycle2-1024x724.jpg 1024w, https:\/\/www.educ-montessori.com\/wp-content\/uploads\/2024\/11\/SOUS-MAIN-ECRITURE-montessori_publique_cycle2-300x212.jpg 300w, https:\/\/www.educ-montessori.com\/wp-content\/uploads\/2024\/11\/SOUS-MAIN-ECRITURE-montessori_publique_cycle2-768x543.jpg 768w, https:\/\/www.educ-montessori.com\/wp-content\/uploads\/2024\/11\/SOUS-MAIN-ECRITURE-montessori_publique_cycle2-1536x1086.jpg 1536w, https:\/\/www.educ-montessori.com\/wp-content\/uploads\/2024\/11\/SOUS-MAIN-ECRITURE-montessori_publique_cycle2.jpg 1754w\" sizes=\"auto, (max-width: 1024px) 100vw, 1024px\" \/><button\n\t\t\tclass=\"lightbox-trigger\"\n\t\t\ttype=\"button\"\n\t\t\taria-haspopup=\"dialog\"\n\t\t\taria-label=\"Agrandir\"\n\t\t\tdata-wp-init=\"callbacks.initTriggerButton\"\n\t\t\tdata-wp-on--click=\"actions.showLightbox\"\n\t\t\tdata-wp-style--right=\"state.imageButtonRight\"\n\t\t\tdata-wp-style--top=\"state.imageButtonTop\"\n\t\t>\n\t\t\t<svg xmlns=\"http:\/\/www.w3.org\/2000\/svg\" width=\"12\" height=\"12\" fill=\"none\" viewBox=\"0 0 12 12\">\n\t\t\t\t<path fill=\"#fff\" d=\"M2 0a2 2 0 0 0-2 2v2h1.5V2a.5.5 0 0 1 .5-.5h2V0H2Zm2 10.5H2a.5.5 0 0 1-.5-.5V8H0v2a2 2 0 0 0 2 2h2v-1.5ZM8 12v-1.5h2a.5.5 0 0 0 .5-.5V8H12v2a2 2 0 0 1-2 2H8Zm2-12a2 2 0 0 1 2 2v2h-1.5V2a.5.5 0 0 0-.5-.5H8V0h2Z\" \/>\n\t\t\t<\/svg>\n\t\t<\/button><\/figure>\n\n\n\n<figure data-wp-context=\"{&quot;imageId&quot;:&quot;69e5e5b227b89&quot;}\" data-wp-interactive=\"core\/image\" data-wp-key=\"69e5e5b227b89\" class=\"wp-block-image size-large wp-lightbox-container\"><img loading=\"lazy\" decoding=\"async\" width=\"1024\" height=\"724\" data-wp-class--hide=\"state.isContentHidden\" data-wp-class--show=\"state.isContentVisible\" data-wp-init=\"callbacks.setButtonStyles\" data-wp-on--click=\"actions.showLightbox\" data-wp-on--load=\"callbacks.setButtonStyles\" data-wp-on-window--resize=\"callbacks.setButtonStyles\" data-id=\"413\" src=\"https:\/\/www.educ-montessori.com\/wp-content\/uploads\/2024\/11\/SOUS-MAIN-ECRITURE-montessori_publique_cycle2_01-1024x724.jpg\" alt=\"\" class=\"wp-image-413\" srcset=\"https:\/\/www.educ-montessori.com\/wp-content\/uploads\/2024\/11\/SOUS-MAIN-ECRITURE-montessori_publique_cycle2_01-1024x724.jpg 1024w, https:\/\/www.educ-montessori.com\/wp-content\/uploads\/2024\/11\/SOUS-MAIN-ECRITURE-montessori_publique_cycle2_01-300x212.jpg 300w, https:\/\/www.educ-montessori.com\/wp-content\/uploads\/2024\/11\/SOUS-MAIN-ECRITURE-montessori_publique_cycle2_01-768x543.jpg 768w, https:\/\/www.educ-montessori.com\/wp-content\/uploads\/2024\/11\/SOUS-MAIN-ECRITURE-montessori_publique_cycle2_01-1536x1086.jpg 1536w, https:\/\/www.educ-montessori.com\/wp-content\/uploads\/2024\/11\/SOUS-MAIN-ECRITURE-montessori_publique_cycle2_01.jpg 1754w\" sizes=\"auto, (max-width: 1024px) 100vw, 1024px\" \/><button\n\t\t\tclass=\"lightbox-trigger\"\n\t\t\ttype=\"button\"\n\t\t\taria-haspopup=\"dialog\"\n\t\t\taria-label=\"Agrandir\"\n\t\t\tdata-wp-init=\"callbacks.initTriggerButton\"\n\t\t\tdata-wp-on--click=\"actions.showLightbox\"\n\t\t\tdata-wp-style--right=\"state.imageButtonRight\"\n\t\t\tdata-wp-style--top=\"state.imageButtonTop\"\n\t\t>\n\t\t\t<svg xmlns=\"http:\/\/www.w3.org\/2000\/svg\" width=\"12\" height=\"12\" fill=\"none\" viewBox=\"0 0 12 12\">\n\t\t\t\t<path fill=\"#fff\" d=\"M2 0a2 2 0 0 0-2 2v2h1.5V2a.5.5 0 0 1 .5-.5h2V0H2Zm2 10.5H2a.5.5 0 0 1-.5-.5V8H0v2a2 2 0 0 0 2 2h2v-1.5ZM8 12v-1.5h2a.5.5 0 0 0 .5-.5V8H12v2a2 2 0 0 1-2 2H8Zm2-12a2 2 0 0 1 2 2v2h-1.5V2a.5.5 0 0 0-.5-.5H8V0h2Z\" \/>\n\t\t\t<\/svg>\n\t\t<\/button><\/figure>\n<\/figure>\n\n\n\n<p><\/p>\n\n\n\n<figure class=\"wp-block-image size-large\"><img loading=\"lazy\" decoding=\"async\" width=\"1024\" height=\"181\" src=\"http:\/\/www.educ-montessori.com\/wp-content\/uploads\/2024\/11\/banniere-site-2-1024x181.jpg\" alt=\"\" class=\"wp-image-198\" srcset=\"https:\/\/www.educ-montessori.com\/wp-content\/uploads\/2024\/11\/banniere-site-2-1024x181.jpg 1024w, https:\/\/www.educ-montessori.com\/wp-content\/uploads\/2024\/11\/banniere-site-2-300x53.jpg 300w, https:\/\/www.educ-montessori.com\/wp-content\/uploads\/2024\/11\/banniere-site-2-768x135.jpg 768w, https:\/\/www.educ-montessori.com\/wp-content\/uploads\/2024\/11\/banniere-site-2.jpg 1100w\" sizes=\"auto, (max-width: 1024px) 100vw, 1024px\" \/><\/figure>\n\n\n\n<div class=\"wp-block-buttons is-layout-flex wp-block-buttons-is-layout-flex\">\n<div class=\"wp-block-button has-custom-width wp-block-button__width-100\"><a class=\"wp-block-button__link wp-element-button\" href=\"https:\/\/www.educ-montessori.com\/index.php\/langage\/\">Retourner sur la page LANGAGE<\/a><\/div>\n<\/div>\n\n\n\n<p><\/p>\n","protected":false},"excerpt":{"rendered":"<p>Sous-main \u00ab\u00a0\u00e9criture\u00a0\u00bb Sous-main \u00ab\u00a0\u00e9criture\u00a0\u00bb \u00e9pur\u00e9 pour apprendre \u00e0 bien incliner son cahier.<\/p>\n","protected":false},"author":2,"featured_media":0,"parent":0,"menu_order":0,"comment_status":"closed","ping_status":"closed","template":"","meta":{"_themeisle_gutenberg_block_has_review":false,"footnotes":""},"class_list":["post-385","page","type-page","status-publish","hentry"],"_links":{"self":[{"href":"https:\/\/www.educ-montessori.com\/index.php\/wp-json\/wp\/v2\/pages\/385","targetHints":{"allow":["GET"]}}],"collection":[{"href":"https:\/\/www.educ-montessori.com\/index.php\/wp-json\/wp\/v2\/pages"}],"about":[{"href":"https:\/\/www.educ-montessori.com\/index.php\/wp-json\/wp\/v2\/types\/page"}],"author":[{"embeddable":true,"href":"https:\/\/www.educ-montessori.com\/index.php\/wp-json\/wp\/v2\/users\/2"}],"replies":[{"embeddable":true,"href":"https:\/\/www.educ-montessori.com\/index.php\/wp-json\/wp\/v2\/comments?post=385"}],"version-history":[{"count":2,"href":"https:\/\/www.educ-montessori.com\/index.php\/wp-json\/wp\/v2\/pages\/385\/revisions"}],"predecessor-version":[{"id":414,"href":"https:\/\/www.educ-montessori.com\/index.php\/wp-json\/wp\/v2\/pages\/385\/revisions\/414"}],"wp:attachment":[{"href":"https:\/\/www.educ-montessori.com\/index.php\/wp-json\/wp\/v2\/media?parent=385"}],"curies":[{"name":"wp","href":"https:\/\/api.w.org\/{rel}","templated":true}]}}