{"id":374,"date":"2024-11-24T09:59:27","date_gmt":"2024-11-24T08:59:27","guid":{"rendered":"https:\/\/www.educ-montessori.com\/?page_id=374"},"modified":"2025-08-18T22:09:24","modified_gmt":"2025-08-18T20:09:24","slug":"lecture","status":"publish","type":"page","link":"https:\/\/www.educ-montessori.com\/index.php\/lecture\/","title":{"rendered":"Lectures th\u00e9matiques"},"content":{"rendered":"\n<figure class=\"wp-block-image size-large\"><img loading=\"lazy\" decoding=\"async\" width=\"1024\" height=\"89\" src=\"http:\/\/www.educ-montessori.com\/wp-content\/uploads\/2025\/07\/ban2-1024x89.png\" alt=\"\" class=\"wp-image-1814\" srcset=\"https:\/\/www.educ-montessori.com\/wp-content\/uploads\/2025\/07\/ban2-1024x89.png 1024w, https:\/\/www.educ-montessori.com\/wp-content\/uploads\/2025\/07\/ban2-300x26.png 300w, https:\/\/www.educ-montessori.com\/wp-content\/uploads\/2025\/07\/ban2-768x67.png 768w, https:\/\/www.educ-montessori.com\/wp-content\/uploads\/2025\/07\/ban2.png 1039w\" sizes=\"auto, (max-width: 1024px) 100vw, 1024px\" \/><\/figure>\n\n\n\n<h2 class=\"wp-block-heading has-huge-font-size\">Th\u00e8me : Le bureau de l&rsquo;\u00e9colier<\/h2>\n\n\n\n<div class=\"wp-block-media-text has-media-on-the-right is-stacked-on-mobile is-vertically-aligned-top\" style=\"grid-template-columns:auto 34%\"><div class=\"wp-block-media-text__content\">\n<p class=\"has-x-large-font-size\"><strong>Atelier \u00ab\u00a0Lis et couvre\u00a0\u00bb sur le th\u00e8me de l\u2019\u00e9cole<\/strong><\/p>\n\n\n\n<p class=\"has-large-font-size\">avec des objets du quotidien (r\u00e8gle, compas, globe&#8230;) pour travailler le vocabulaire, la lecture et l&rsquo;encodage.<\/p>\n<\/div><figure class=\"wp-block-media-text__media\"><img loading=\"lazy\" decoding=\"async\" width=\"724\" height=\"1024\" src=\"http:\/\/www.educ-montessori.com\/wp-content\/uploads\/2025\/05\/1-724x1024.png\" alt=\"\" class=\"wp-image-1491 size-full\" srcset=\"https:\/\/www.educ-montessori.com\/wp-content\/uploads\/2025\/05\/1-724x1024.png 724w, https:\/\/www.educ-montessori.com\/wp-content\/uploads\/2025\/05\/1-212x300.png 212w, https:\/\/www.educ-montessori.com\/wp-content\/uploads\/2025\/05\/1-768x1086.png 768w, https:\/\/www.educ-montessori.com\/wp-content\/uploads\/2025\/05\/1-1086x1536.png 1086w, https:\/\/www.educ-montessori.com\/wp-content\/uploads\/2025\/05\/1.png 1414w\" sizes=\"auto, (max-width: 724px) 100vw, 724px\" \/><\/figure><\/div>\n\n\n\n<div class=\"wp-block-media-text is-stacked-on-mobile\" style=\"grid-template-columns:37% auto\"><figure class=\"wp-block-media-text__media\"><img loading=\"lazy\" decoding=\"async\" width=\"724\" height=\"1024\" src=\"http:\/\/www.educ-montessori.com\/wp-content\/uploads\/2025\/05\/2-724x1024.png\" alt=\"\" class=\"wp-image-1492 size-full\" srcset=\"https:\/\/www.educ-montessori.com\/wp-content\/uploads\/2025\/05\/2-724x1024.png 724w, https:\/\/www.educ-montessori.com\/wp-content\/uploads\/2025\/05\/2-212x300.png 212w, https:\/\/www.educ-montessori.com\/wp-content\/uploads\/2025\/05\/2-768x1086.png 768w, https:\/\/www.educ-montessori.com\/wp-content\/uploads\/2025\/05\/2-1086x1536.png 1086w, https:\/\/www.educ-montessori.com\/wp-content\/uploads\/2025\/05\/2.png 1414w\" sizes=\"auto, (max-width: 724px) 100vw, 724px\" \/><\/figure><div class=\"wp-block-media-text__content\">\n<p class=\"has-medium-font-size\"><strong>OPTION 1 :<\/strong> \u00ab\u00a0Lis et couvre\u00a0\u00bb<\/p>\n\n\n\n<p class=\"has-medium-font-size\">L&rsquo;\u00e9l\u00e8ve utilise les grandes cartes, lis un mot puis recouvre avec <a href=\"https:\/\/amzn.to\/3YDiElv\" target=\"_blank\" rel=\"noreferrer noopener\">la bonne figurine<\/a>.<\/p>\n<\/div><\/div>\n\n\n\n<div class=\"wp-block-media-text is-stacked-on-mobile\" style=\"grid-template-columns:37% auto\"><figure class=\"wp-block-media-text__media\"><img loading=\"lazy\" decoding=\"async\" width=\"724\" height=\"1024\" src=\"http:\/\/www.educ-montessori.com\/wp-content\/uploads\/2025\/05\/3-724x1024.png\" alt=\"\" class=\"wp-image-1493 size-full\" srcset=\"https:\/\/www.educ-montessori.com\/wp-content\/uploads\/2025\/05\/3-724x1024.png 724w, https:\/\/www.educ-montessori.com\/wp-content\/uploads\/2025\/05\/3-212x300.png 212w, https:\/\/www.educ-montessori.com\/wp-content\/uploads\/2025\/05\/3-768x1086.png 768w, https:\/\/www.educ-montessori.com\/wp-content\/uploads\/2025\/05\/3-1086x1536.png 1086w, https:\/\/www.educ-montessori.com\/wp-content\/uploads\/2025\/05\/3.png 1414w\" sizes=\"auto, (max-width: 724px) 100vw, 724px\" \/><\/figure><div class=\"wp-block-media-text__content\">\n<p class=\"has-medium-font-size\"><strong>OPTION 2 :<\/strong> J&rsquo;ai \u00e9galement pr\u00e9par\u00e9 les \u00e9tiquettes mots dans les trois \u00e9critures (capitales, script et cursive) pour travailler seul ou \u00e0 deux :<br>\u2022 le d\u00e9codage : associer \u00e9tiquette mot et figurine<br>\u2022 l&rsquo;encodage avec lettres mobiles<br>\u2022 l&rsquo;encodage en \u00e9criture manuelle.<\/p>\n<\/div><\/div>\n\n\n\n<div class=\"wp-block-buttons is-layout-flex wp-block-buttons-is-layout-flex\">\n<div class=\"wp-block-button has-custom-width wp-block-button__width-50\"><a class=\"wp-block-button__link has-pale-pink-background-color has-background wp-element-button\" href=\"https:\/\/ko-fi.com\/s\/8ba8c3ae2f\" target=\"_blank\" rel=\"noreferrer noopener\">PDF<\/a><\/div>\n\n\n\n<div class=\"wp-block-button has-custom-width wp-block-button__width-50\"><a class=\"wp-block-button__link has-pale-pink-background-color has-background has-small-font-size has-custom-font-size wp-element-button\" href=\"https:\/\/amzn.to\/3YDiElv\" target=\"_blank\" rel=\"noreferrer noopener\">figurines<\/a><\/div>\n<\/div>\n\n\n\n<div class=\"wp-block-buttons is-layout-flex wp-block-buttons-is-layout-flex\">\n<div class=\"wp-block-button has-custom-width wp-block-button__width-50\"><a class=\"wp-block-button__link has-pale-pink-background-color has-background wp-element-button\" href=\"https:\/\/www.NotAllowedScript69e33a8299fadinstagram.com\/reel\/DJe8Yh5oAs0\/?utm_source=ig_web_copy_link&amp;igsh=MzRlODBiNWFlZA==\">vid\u00e9o<\/a><\/div>\n\n\n\n<div class=\"wp-block-button has-custom-width wp-block-button__width-50\"><a class=\"wp-block-button__link has-pale-pink-background-color has-background wp-element-button\">BOITE<\/a><\/div>\n<\/div>\n\n\n\n<hr class=\"wp-block-separator has-alpha-channel-opacity has-cool-to-warm-spectrum-gradient-background has-background is-style-wide\" style=\"margin-top:var(--wp--preset--spacing--80);margin-bottom:var(--wp--preset--spacing--80)\"\/>\n\n\n\n<h2 class=\"wp-block-heading\" style=\"font-size:72px\">Livrets Montessori sur le th\u00e8me de l\u2019hiver<\/h2>\n\n\n\n<p class=\"has-medium-font-size\">Avec l\u2019arriv\u00e9e de <strong>l\u2019hiver<\/strong>, c\u2019est l\u2019occasion id\u00e9ale d\u2019explorer ce th\u00e8me en classe ou \u00e0 la maison gr\u00e2ce \u00e0 des supports p\u00e9dagogiques adapt\u00e9s. Inspir\u00e9s de la <strong>p\u00e9dagogie Montessori,<\/strong> ces livrets permettent de renforcer les apprentissages de mani\u00e8re ludique et concr\u00e8te.<\/p>\n\n\n\n<figure class=\"wp-block-image size-large\"><img loading=\"lazy\" decoding=\"async\" width=\"1024\" height=\"724\" src=\"http:\/\/www.educ-montessori.com\/wp-content\/uploads\/2024\/12\/LEXIQUE-HIVER-capitales-1024x724.jpg\" alt=\"\" class=\"wp-image-948\" srcset=\"https:\/\/www.educ-montessori.com\/wp-content\/uploads\/2024\/12\/LEXIQUE-HIVER-capitales-1024x724.jpg 1024w, https:\/\/www.educ-montessori.com\/wp-content\/uploads\/2024\/12\/LEXIQUE-HIVER-capitales-300x212.jpg 300w, https:\/\/www.educ-montessori.com\/wp-content\/uploads\/2024\/12\/LEXIQUE-HIVER-capitales-768x543.jpg 768w, https:\/\/www.educ-montessori.com\/wp-content\/uploads\/2024\/12\/LEXIQUE-HIVER-capitales-1536x1086.jpg 1536w, https:\/\/www.educ-montessori.com\/wp-content\/uploads\/2024\/12\/LEXIQUE-HIVER-capitales.jpg 1754w\" sizes=\"auto, (max-width: 1024px) 100vw, 1024px\" \/><\/figure>\n\n\n\n<h4 class=\"wp-block-heading has-large-font-size\">Quels objectifs p\u00e9dagogiques ?<\/h4>\n\n\n\n<p>Ces livrets ont \u00e9t\u00e9 con\u00e7us pour accompagner les enfants dans l\u2019apprentissage <strong>de la lecture et de l\u2019encodage.<\/strong> Ils sont particuli\u00e8rement adapt\u00e9s aux premiers lecteurs et offrent des activit\u00e9s vari\u00e9es pour :<\/p>\n\n\n\n<ul class=\"wp-block-list\">\n<li>Enrichir le vocabulaire autour de l\u2019hiver : <em>pull, bonnet, bottes, moufles, skis, luge, patins<\/em>.<\/li>\n\n\n\n<li>Travailler la reconnaissance des <strong>sons<\/strong> et des <strong>digrammes<\/strong> gr\u00e2ce \u00e0 un code couleur Montessori :\n<ul class=\"wp-block-list\">\n<li>Consonnes en bleu<\/li>\n\n\n\n<li>Voyelles en rouge<\/li>\n\n\n\n<li>Digrammes (et, ou, in) en vert<\/li>\n<\/ul>\n<\/li>\n\n\n\n<li>Encourager l\u2019association <strong>lecture\/\u00e9criture<\/strong>, notamment avec l\u2019encodage, qui aide l\u2019enfant \u00e0 construire ses premiers mots.<\/li>\n<\/ul>\n\n\n\n<div class=\"wp-block-media-text is-stacked-on-mobile\"><figure class=\"wp-block-media-text__media\"><img loading=\"lazy\" decoding=\"async\" width=\"731\" height=\"1024\" src=\"http:\/\/www.educ-montessori.com\/wp-content\/uploads\/2024\/12\/20231205_181523-731x1024.jpg\" alt=\"\" class=\"wp-image-949 size-full\" srcset=\"https:\/\/www.educ-montessori.com\/wp-content\/uploads\/2024\/12\/20231205_181523-731x1024.jpg 731w, https:\/\/www.educ-montessori.com\/wp-content\/uploads\/2024\/12\/20231205_181523-214x300.jpg 214w, https:\/\/www.educ-montessori.com\/wp-content\/uploads\/2024\/12\/20231205_181523-768x1075.jpg 768w, https:\/\/www.educ-montessori.com\/wp-content\/uploads\/2024\/12\/20231205_181523-1097x1536.jpg 1097w, https:\/\/www.educ-montessori.com\/wp-content\/uploads\/2024\/12\/20231205_181523-1463x2048.jpg 1463w, https:\/\/www.educ-montessori.com\/wp-content\/uploads\/2024\/12\/20231205_181523-scaled.jpg 1829w\" sizes=\"auto, (max-width: 731px) 100vw, 731px\" \/><\/figure><div class=\"wp-block-media-text__content\">\n<p class=\"has-large-font-size\"><strong>Comment les utiliser ?<\/strong><\/p>\n\n\n\n<p>Ces livrets sont id\u00e9aux pour une utilisation avec <strong>des lettres mobiles <\/strong>ou <strong>des figurines<\/strong>*. <\/p>\n\n\n\n<p><em>Par exemple :<\/em><\/p>\n\n\n\n<p>L\u2019enfant peut associer un mot \u00e0 une figurine ou une image (ex. : le mot <em>luge<\/em> avec une petite luge).<\/p>\n\n\n\n<p><em>*J&rsquo;ai trouv\u00e9 mes petites figurines chez Action dans le rayon \u00ab\u00a0d\u00e9corations de No\u00ebl\u00a0\u00bb<\/em><\/p>\n<\/div><\/div>\n\n\n\n<div class=\"wp-block-media-text has-media-on-the-right is-stacked-on-mobile\"><div class=\"wp-block-media-text__content\">\n<p>L&rsquo;enfant peut reconstituer les mots en pla\u00e7ant les <strong>lettres mobiles<\/strong> sous l&rsquo;image, ce qui renforce la m\u00e9morisation et la compr\u00e9hension.<\/p>\n\n\n\n<p>Pour faciliter le travail d&rsquo;<strong>autocorrection<\/strong>, je fabrique un cache entre chaque page. Ce cache est coup\u00e9 afin de permettre \u00e0 l&rsquo;enfant de cacher l&rsquo;image (on travaille la lecture) ou le mot (pour travailler l&rsquo;encodage).<\/p>\n\n\n\n<p>Disponibles dans<strong> les trois \u00e9critures<\/strong> (scripte, cursive et capitale), ces livrets permettent de s\u2019adapter aux besoins et aux niveaux des enfants, tout en respectant leur progression naturelle.<\/p>\n<\/div><figure class=\"wp-block-media-text__media\"><img loading=\"lazy\" decoding=\"async\" width=\"731\" height=\"1024\" src=\"http:\/\/www.educ-montessori.com\/wp-content\/uploads\/2024\/12\/20231205_181750-731x1024.jpg\" alt=\"\" class=\"wp-image-950 size-full\" srcset=\"https:\/\/www.educ-montessori.com\/wp-content\/uploads\/2024\/12\/20231205_181750-731x1024.jpg 731w, https:\/\/www.educ-montessori.com\/wp-content\/uploads\/2024\/12\/20231205_181750-214x300.jpg 214w, https:\/\/www.educ-montessori.com\/wp-content\/uploads\/2024\/12\/20231205_181750-768x1075.jpg 768w, https:\/\/www.educ-montessori.com\/wp-content\/uploads\/2024\/12\/20231205_181750-1097x1536.jpg 1097w, https:\/\/www.educ-montessori.com\/wp-content\/uploads\/2024\/12\/20231205_181750-1463x2048.jpg 1463w, https:\/\/www.educ-montessori.com\/wp-content\/uploads\/2024\/12\/20231205_181750-scaled.jpg 1829w\" sizes=\"auto, (max-width: 731px) 100vw, 731px\" \/><\/figure><\/div>\n\n\n\n<hr class=\"wp-block-separator has-alpha-channel-opacity has-cool-to-warm-spectrum-gradient-background has-background is-style-wide\" style=\"margin-top:var(--wp--preset--spacing--50);margin-bottom:var(--wp--preset--spacing--50)\"\/>\n\n\n\n<div class=\"wp-block-media-text is-stacked-on-mobile\"><figure class=\"wp-block-media-text__media\"><img loading=\"lazy\" decoding=\"async\" width=\"1024\" height=\"1024\" src=\"http:\/\/www.educ-montessori.com\/wp-content\/uploads\/2025\/08\/Arts2-1024x1024.png\" alt=\"\" class=\"wp-image-2110 size-full\" srcset=\"https:\/\/www.educ-montessori.com\/wp-content\/uploads\/2025\/08\/Arts2-1024x1024.png 1024w, https:\/\/www.educ-montessori.com\/wp-content\/uploads\/2025\/08\/Arts2-300x300.png 300w, https:\/\/www.educ-montessori.com\/wp-content\/uploads\/2025\/08\/Arts2-150x150.png 150w, https:\/\/www.educ-montessori.com\/wp-content\/uploads\/2025\/08\/Arts2-768x768.png 768w, https:\/\/www.educ-montessori.com\/wp-content\/uploads\/2025\/08\/Arts2.png 1080w\" sizes=\"auto, (max-width: 1024px) 100vw, 1024px\" \/><\/figure><div class=\"wp-block-media-text__content\">\n<p class=\"has-x-large-font-size\">Lettres mobiles<\/p>\n\n\n\n<p>Un incontournable de la p\u00e9dagogie Montessori ! Retrouvez mon article sur les lettres que j\u2019utilise dans ma classe ici :<\/p>\n\n\n\n<div class=\"wp-block-buttons is-layout-flex wp-block-buttons-is-layout-flex\">\n<div class=\"wp-block-button has-custom-width wp-block-button__width-100\"><a class=\"wp-block-button__link has-pale-cyan-blue-background-color has-background wp-element-button\" href=\"http:\/\/www.educ-montessori.com\/index.php\/2025\/08\/18\/mes-lettres-mobiles\/\">Lire<\/a><\/div>\n<\/div>\n<\/div><\/div>\n\n\n\n<hr class=\"wp-block-separator has-alpha-channel-opacity has-cool-to-warm-spectrum-gradient-background has-background is-style-wide\" style=\"margin-top:var(--wp--preset--spacing--80);margin-bottom:var(--wp--preset--spacing--80)\"\/>\n\n\n\n<div class=\"wp-block-group is-layout-grid wp-container-core-group-is-layout-988b637e wp-block-group-is-layout-grid\">\n<figure class=\"wp-block-image size-large\"><a href=\"http:\/\/www.educ-montessori.com\/index.php\/langage\/\"><img loading=\"lazy\" decoding=\"async\" width=\"1024\" height=\"1024\" src=\"http:\/\/www.educ-montessori.com\/wp-content\/uploads\/2025\/08\/14-1024x1024.png\" alt=\"\" class=\"wp-image-2007\" srcset=\"https:\/\/www.educ-montessori.com\/wp-content\/uploads\/2025\/08\/14-1024x1024.png 1024w, https:\/\/www.educ-montessori.com\/wp-content\/uploads\/2025\/08\/14-300x300.png 300w, https:\/\/www.educ-montessori.com\/wp-content\/uploads\/2025\/08\/14-150x150.png 150w, https:\/\/www.educ-montessori.com\/wp-content\/uploads\/2025\/08\/14-768x768.png 768w, https:\/\/www.educ-montessori.com\/wp-content\/uploads\/2025\/08\/14.png 1080w\" sizes=\"auto, (max-width: 1024px) 100vw, 1024px\" \/><\/a><\/figure>\n\n\n\n<figure class=\"wp-block-image size-large\"><a href=\"https:\/\/www.educ-montessori.com\/\"><img loading=\"lazy\" decoding=\"async\" width=\"1024\" height=\"1024\" src=\"http:\/\/www.educ-montessori.com\/wp-content\/uploads\/2025\/08\/Arts1-1024x1024.png\" alt=\"\" class=\"wp-image-2066\" srcset=\"https:\/\/www.educ-montessori.com\/wp-content\/uploads\/2025\/08\/Arts1-1024x1024.png 1024w, https:\/\/www.educ-montessori.com\/wp-content\/uploads\/2025\/08\/Arts1-300x300.png 300w, https:\/\/www.educ-montessori.com\/wp-content\/uploads\/2025\/08\/Arts1-150x150.png 150w, https:\/\/www.educ-montessori.com\/wp-content\/uploads\/2025\/08\/Arts1-768x768.png 768w, https:\/\/www.educ-montessori.com\/wp-content\/uploads\/2025\/08\/Arts1.png 1080w\" sizes=\"auto, (max-width: 1024px) 100vw, 1024px\" \/><\/a><\/figure>\n\n\n\n<figure class=\"wp-block-image size-large\"><a href=\"http:\/\/www.educ-montessori.com\/index.php\/tous-mes-articles\/\"><img loading=\"lazy\" decoding=\"async\" width=\"1024\" height=\"1024\" src=\"http:\/\/www.educ-montessori.com\/wp-content\/uploads\/2024\/11\/Arts6-1024x1024.png\" alt=\"\" class=\"wp-image-2236\" srcset=\"https:\/\/www.educ-montessori.com\/wp-content\/uploads\/2024\/11\/Arts6-1024x1024.png 1024w, https:\/\/www.educ-montessori.com\/wp-content\/uploads\/2024\/11\/Arts6-300x300.png 300w, https:\/\/www.educ-montessori.com\/wp-content\/uploads\/2024\/11\/Arts6-150x150.png 150w, https:\/\/www.educ-montessori.com\/wp-content\/uploads\/2024\/11\/Arts6-768x768.png 768w, https:\/\/www.educ-montessori.com\/wp-content\/uploads\/2024\/11\/Arts6.png 1080w\" sizes=\"auto, (max-width: 1024px) 100vw, 1024px\" \/><\/a><\/figure>\n<\/div>\n\n\n\n<hr class=\"wp-block-separator has-alpha-channel-opacity has-cool-to-warm-spectrum-gradient-background has-background is-style-wide\" style=\"margin-top:var(--wp--preset--spacing--80);margin-bottom:var(--wp--preset--spacing--80)\"\/>\n","protected":false},"excerpt":{"rendered":"<p>Th\u00e8me : Le bureau de l&rsquo;\u00e9colier Atelier \u00ab\u00a0Lis et couvre\u00a0\u00bb sur le th\u00e8me de l\u2019\u00e9cole avec des objets du quotidien (r\u00e8gle, compas, globe&#8230;) pour travailler le vocabulaire, la lecture et l&rsquo;encodage. OPTION 1 : \u00ab\u00a0Lis et couvre\u00a0\u00bb L&rsquo;\u00e9l\u00e8ve utilise les grandes cartes, lis un mot puis recouvre avec la bonne figurine. OPTION 2 : J&rsquo;ai [&hellip;]<\/p>\n","protected":false},"author":2,"featured_media":0,"parent":0,"menu_order":0,"comment_status":"closed","ping_status":"closed","template":"","meta":{"_themeisle_gutenberg_block_has_review":false,"footnotes":""},"class_list":["post-374","page","type-page","status-publish","hentry"],"_links":{"self":[{"href":"https:\/\/www.educ-montessori.com\/index.php\/wp-json\/wp\/v2\/pages\/374","targetHints":{"allow":["GET"]}}],"collection":[{"href":"https:\/\/www.educ-montessori.com\/index.php\/wp-json\/wp\/v2\/pages"}],"about":[{"href":"https:\/\/www.educ-montessori.com\/index.php\/wp-json\/wp\/v2\/types\/page"}],"author":[{"embeddable":true,"href":"https:\/\/www.educ-montessori.com\/index.php\/wp-json\/wp\/v2\/users\/2"}],"replies":[{"embeddable":true,"href":"https:\/\/www.educ-montessori.com\/index.php\/wp-json\/wp\/v2\/comments?post=374"}],"version-history":[{"count":40,"href":"https:\/\/www.educ-montessori.com\/index.php\/wp-json\/wp\/v2\/pages\/374\/revisions"}],"predecessor-version":[{"id":2244,"href":"https:\/\/www.educ-montessori.com\/index.php\/wp-json\/wp\/v2\/pages\/374\/revisions\/2244"}],"wp:attachment":[{"href":"https:\/\/www.educ-montessori.com\/index.php\/wp-json\/wp\/v2\/media?parent=374"}],"curies":[{"name":"wp","href":"https:\/\/api.w.org\/{rel}","templated":true}]}}