{"id":2304,"date":"2025-08-20T09:15:22","date_gmt":"2025-08-20T07:15:22","guid":{"rendered":"http:\/\/www.educ-montessori.com\/?page_id=2304"},"modified":"2025-08-20T11:01:45","modified_gmt":"2025-08-20T09:01:45","slug":"verbe","status":"publish","type":"page","link":"https:\/\/www.educ-montessori.com\/index.php\/verbe\/","title":{"rendered":"Verbe"},"content":{"rendered":"\n<figure class=\"wp-block-image size-large\"><img loading=\"lazy\" decoding=\"async\" width=\"1024\" height=\"88\" src=\"http:\/\/www.educ-montessori.com\/wp-content\/uploads\/2025\/08\/ban-verbe-1-1024x88.gif\" alt=\"\" class=\"wp-image-2310\" srcset=\"https:\/\/www.educ-montessori.com\/wp-content\/uploads\/2025\/08\/ban-verbe-1-1024x88.gif 1024w, https:\/\/www.educ-montessori.com\/wp-content\/uploads\/2025\/08\/ban-verbe-1-300x26.gif 300w, https:\/\/www.educ-montessori.com\/wp-content\/uploads\/2025\/08\/ban-verbe-1-768x66.gif 768w\" sizes=\"auto, (max-width: 1024px) 100vw, 1024px\" \/><\/figure>\n\n\n\n<div class=\"wp-block-media-text is-stacked-on-mobile\" style=\"grid-template-columns:48% auto\"><figure class=\"wp-block-media-text__media\"><img loading=\"lazy\" decoding=\"async\" width=\"1024\" height=\"1024\" src=\"http:\/\/www.educ-montessori.com\/wp-content\/uploads\/2025\/08\/2-1-1024x1024.jpg\" alt=\"\" class=\"wp-image-2307 size-full\" srcset=\"https:\/\/www.educ-montessori.com\/wp-content\/uploads\/2025\/08\/2-1-1024x1024.jpg 1024w, https:\/\/www.educ-montessori.com\/wp-content\/uploads\/2025\/08\/2-1-300x300.jpg 300w, https:\/\/www.educ-montessori.com\/wp-content\/uploads\/2025\/08\/2-1-150x150.jpg 150w, https:\/\/www.educ-montessori.com\/wp-content\/uploads\/2025\/08\/2-1-768x768.jpg 768w, https:\/\/www.educ-montessori.com\/wp-content\/uploads\/2025\/08\/2-1.jpg 1080w\" sizes=\"auto, (max-width: 1024px) 100vw, 1024px\" \/><\/figure><div class=\"wp-block-media-text__content\">\n<p class=\"has-normal-font-size\">La d\u00e9couverte du verbe est une \u00e9tape importante dans l&rsquo;apprentissage de la grammaire. En <strong>p\u00e9dagogie Montessori<\/strong>, cette pr\u00e9sentation se fait en collectif \u00e0 l&rsquo;aide d&rsquo;une balle rouge. Voici comment je proc\u00e8de dans ma classe :<\/p>\n\n\n\n<div class=\"wp-block-buttons is-layout-flex wp-block-buttons-is-layout-flex\">\n<div class=\"wp-block-button has-custom-width wp-block-button__width-100\"><a class=\"wp-block-button__link has-vivid-red-background-color has-background wp-element-button\" href=\"http:\/\/www.educ-montessori.com\/index.php\/2025\/08\/20\/comment-presenter-le-verbe\/\">Lire<\/a><\/div>\n<\/div>\n<\/div><\/div>\n\n\n\n<figure class=\"wp-block-image size-large\"><img loading=\"lazy\" decoding=\"async\" width=\"1024\" height=\"88\" src=\"http:\/\/www.educ-montessori.com\/wp-content\/uploads\/2025\/08\/ban-verbe-1-1024x88.gif\" alt=\"\" class=\"wp-image-2310\" srcset=\"https:\/\/www.educ-montessori.com\/wp-content\/uploads\/2025\/08\/ban-verbe-1-1024x88.gif 1024w, https:\/\/www.educ-montessori.com\/wp-content\/uploads\/2025\/08\/ban-verbe-1-300x26.gif 300w, https:\/\/www.educ-montessori.com\/wp-content\/uploads\/2025\/08\/ban-verbe-1-768x66.gif 768w\" sizes=\"auto, (max-width: 1024px) 100vw, 1024px\" \/><\/figure>\n\n\n\n<div class=\"wp-block-media-text is-stacked-on-mobile\" style=\"grid-template-columns:48% auto\"><figure class=\"wp-block-media-text__media\"><img loading=\"lazy\" decoding=\"async\" width=\"1024\" height=\"1024\" src=\"http:\/\/www.educ-montessori.com\/wp-content\/uploads\/2025\/08\/1-1-1024x1024.jpg\" alt=\"\" class=\"wp-image-2308 size-full\" srcset=\"https:\/\/www.educ-montessori.com\/wp-content\/uploads\/2025\/08\/1-1-1024x1024.jpg 1024w, https:\/\/www.educ-montessori.com\/wp-content\/uploads\/2025\/08\/1-1-300x300.jpg 300w, https:\/\/www.educ-montessori.com\/wp-content\/uploads\/2025\/08\/1-1-150x150.jpg 150w, https:\/\/www.educ-montessori.com\/wp-content\/uploads\/2025\/08\/1-1-768x768.jpg 768w, https:\/\/www.educ-montessori.com\/wp-content\/uploads\/2025\/08\/1-1.jpg 1080w\" sizes=\"auto, (max-width: 1024px) 100vw, 1024px\" \/><\/figure><div class=\"wp-block-media-text__content\">\n<p>Pour approfondir et consolider cette premi\u00e8re d\u00e9couverte, j&rsquo;ai cr\u00e9\u00e9 un ensemble d&rsquo;ateliers autonomes regroup\u00e9s dans un pack complet avec des niveaux progressifs.<\/p>\n\n\n\n<div class=\"wp-block-buttons is-layout-flex wp-block-buttons-is-layout-flex\">\n<div class=\"wp-block-button has-custom-width wp-block-button__width-100\"><a class=\"wp-block-button__link has-vivid-red-background-color has-background wp-element-button\" href=\"http:\/\/www.educ-montessori.com\/index.php\/2025\/08\/20\/le-pack-verbe\/\">Lire<\/a><\/div>\n<\/div>\n<\/div><\/div>\n\n\n\n<figure class=\"wp-block-image size-large\"><img loading=\"lazy\" decoding=\"async\" width=\"1024\" height=\"88\" src=\"http:\/\/www.educ-montessori.com\/wp-content\/uploads\/2025\/08\/ban-verbe-1-1-1024x88.gif\" alt=\"\" class=\"wp-image-2311\" srcset=\"https:\/\/www.educ-montessori.com\/wp-content\/uploads\/2025\/08\/ban-verbe-1-1-1024x88.gif 1024w, https:\/\/www.educ-montessori.com\/wp-content\/uploads\/2025\/08\/ban-verbe-1-1-300x26.gif 300w, https:\/\/www.educ-montessori.com\/wp-content\/uploads\/2025\/08\/ban-verbe-1-1-768x66.gif 768w\" sizes=\"auto, (max-width: 1024px) 100vw, 1024px\" \/><\/figure>\n\n\n\n<div class=\"wp-block-media-text is-stacked-on-mobile\" style=\"grid-template-columns:48% auto\"><figure class=\"wp-block-media-text__media\"><img loading=\"lazy\" decoding=\"async\" width=\"1080\" height=\"1080\" src=\"http:\/\/www.educ-montessori.com\/wp-content\/uploads\/2025\/08\/4-1024x1024.jpg\" alt=\"\" class=\"wp-image-2309 size-full\" srcset=\"https:\/\/www.educ-montessori.com\/wp-content\/uploads\/2025\/08\/4-1024x1024.jpg 1024w, https:\/\/www.educ-montessori.com\/wp-content\/uploads\/2025\/08\/4-300x300.jpg 300w, https:\/\/www.educ-montessori.com\/wp-content\/uploads\/2025\/08\/4-150x150.jpg 150w, https:\/\/www.educ-montessori.com\/wp-content\/uploads\/2025\/08\/4-768x768.jpg 768w, https:\/\/www.educ-montessori.com\/wp-content\/uploads\/2025\/08\/4.jpg 1080w\" sizes=\"auto, (max-width: 1080px) 100vw, 1080px\" \/><\/figure><div class=\"wp-block-media-text__content\">\n<p>En compl\u00e9ment de l&rsquo;observation directe des enfants durant les ateliers, je propose un <strong>petit cahier d&rsquo;exercices<\/strong> au format A5. Cet outil me permet de valider les acquisitions de chaque \u00e9l\u00e8ve de mani\u00e8re formelle tout en gardant une trace de leurs progr\u00e8s dans la d\u00e9couverte du verbe.<\/p>\n\n\n\n<div class=\"wp-block-buttons is-layout-flex wp-block-buttons-is-layout-flex\">\n<div class=\"wp-block-button has-custom-width wp-block-button__width-100 is-style-fill\"><a class=\"wp-block-button__link has-vivid-red-background-color has-background wp-element-button\" href=\"https:\/\/ko-fi.com\/s\/06431bf4c3\" target=\"_blank\" rel=\"noreferrer noopener\">Ko-fi free !<\/a><\/div>\n<\/div>\n<\/div><\/div>\n\n\n\n<figure class=\"wp-block-image size-large\"><img loading=\"lazy\" decoding=\"async\" width=\"1024\" height=\"88\" src=\"http:\/\/www.educ-montessori.com\/wp-content\/uploads\/2025\/08\/ban-verbe-1-1024x88.gif\" alt=\"\" class=\"wp-image-2310\" srcset=\"https:\/\/www.educ-montessori.com\/wp-content\/uploads\/2025\/08\/ban-verbe-1-1024x88.gif 1024w, https:\/\/www.educ-montessori.com\/wp-content\/uploads\/2025\/08\/ban-verbe-1-300x26.gif 300w, https:\/\/www.educ-montessori.com\/wp-content\/uploads\/2025\/08\/ban-verbe-1-768x66.gif 768w\" sizes=\"auto, (max-width: 1024px) 100vw, 1024px\" \/><\/figure>\n\n\n\n<p><\/p>\n","protected":false},"excerpt":{"rendered":"","protected":false},"author":2,"featured_media":0,"parent":0,"menu_order":0,"comment_status":"closed","ping_status":"closed","template":"","meta":{"_themeisle_gutenberg_block_has_review":false,"footnotes":""},"class_list":["post-2304","page","type-page","status-publish","hentry"],"_links":{"self":[{"href":"https:\/\/www.educ-montessori.com\/index.php\/wp-json\/wp\/v2\/pages\/2304","targetHints":{"allow":["GET"]}}],"collection":[{"href":"https:\/\/www.educ-montessori.com\/index.php\/wp-json\/wp\/v2\/pages"}],"about":[{"href":"https:\/\/www.educ-montessori.com\/index.php\/wp-json\/wp\/v2\/types\/page"}],"author":[{"embeddable":true,"href":"https:\/\/www.educ-montessori.com\/index.php\/wp-json\/wp\/v2\/users\/2"}],"replies":[{"embeddable":true,"href":"https:\/\/www.educ-montessori.com\/index.php\/wp-json\/wp\/v2\/comments?post=2304"}],"version-history":[{"count":6,"href":"https:\/\/www.educ-montessori.com\/index.php\/wp-json\/wp\/v2\/pages\/2304\/revisions"}],"predecessor-version":[{"id":2347,"href":"https:\/\/www.educ-montessori.com\/index.php\/wp-json\/wp\/v2\/pages\/2304\/revisions\/2347"}],"wp:attachment":[{"href":"https:\/\/www.educ-montessori.com\/index.php\/wp-json\/wp\/v2\/media?parent=2304"}],"curies":[{"name":"wp","href":"https:\/\/api.w.org\/{rel}","templated":true}]}}