{"id":2270,"date":"2025-08-19T08:48:10","date_gmt":"2025-08-19T06:48:10","guid":{"rendered":"http:\/\/www.educ-montessori.com\/?page_id=2270"},"modified":"2025-08-19T10:17:25","modified_gmt":"2025-08-19T08:17:25","slug":"nom-et-determinant","status":"publish","type":"page","link":"https:\/\/www.educ-montessori.com\/index.php\/nom-et-determinant\/","title":{"rendered":"Nom et d\u00e9terminant"},"content":{"rendered":"\n<div class=\"wp-block-media-text is-stacked-on-mobile\"><figure class=\"wp-block-media-text__media\"><a href=\"http:\/\/www.educ-montessori.com\/index.php\/2024\/12\/11\/presentation-du-nom-et-du-determinant-en-cp-avec-la-grammaire-montessori\/\"><img loading=\"lazy\" decoding=\"async\" width=\"500\" height=\"365\" src=\"http:\/\/www.educ-montessori.com\/wp-content\/uploads\/2024\/12\/nom.png\" alt=\"\" class=\"wp-image-1019 size-full\" srcset=\"https:\/\/www.educ-montessori.com\/wp-content\/uploads\/2024\/12\/nom.png 500w, https:\/\/www.educ-montessori.com\/wp-content\/uploads\/2024\/12\/nom-300x219.png 300w\" sizes=\"auto, (max-width: 500px) 100vw, 500px\" \/><\/a><\/figure><div class=\"wp-block-media-text__content\">\n<p class=\"has-medium-font-size\"><strong>Pr\u00e9sentation du nom et du d\u00e9terminant en CP avec la grammaire Montessori<\/strong><\/p>\n\n\n\n<p>Voici comment je proc\u00e8de pour pr\u00e9senter les notions de nom et de d\u00e9terminant \u00e0 mes \u00e9l\u00e8ves de CP&#8230;<\/p>\n\n\n\n<div class=\"wp-block-buttons is-layout-flex wp-block-buttons-is-layout-flex\">\n<div class=\"wp-block-button has-custom-width wp-block-button__width-100\"><a class=\"wp-block-button__link has-ti-bg-inv-background-color has-background wp-element-button\" href=\"http:\/\/www.educ-montessori.com\/index.php\/2024\/12\/11\/presentation-du-nom-et-du-determinant-en-cp-avec-la-grammaire-montessori\/\">Lire<\/a><\/div>\n<\/div>\n<\/div><\/div>\n\n\n\n<figure class=\"wp-block-image size-large\"><img loading=\"lazy\" decoding=\"async\" width=\"1024\" height=\"88\" src=\"http:\/\/www.educ-montessori.com\/wp-content\/uploads\/2025\/08\/ban-nom-1024x88.png\" alt=\"\" class=\"wp-image-2274\" srcset=\"https:\/\/www.educ-montessori.com\/wp-content\/uploads\/2025\/08\/ban-nom-1024x88.png 1024w, https:\/\/www.educ-montessori.com\/wp-content\/uploads\/2025\/08\/ban-nom-300x26.png 300w, https:\/\/www.educ-montessori.com\/wp-content\/uploads\/2025\/08\/ban-nom-768x66.png 768w, https:\/\/www.educ-montessori.com\/wp-content\/uploads\/2025\/08\/ban-nom.png 1323w\" sizes=\"auto, (max-width: 1024px) 100vw, 1024px\" \/><\/figure>\n\n\n\n<div class=\"wp-block-media-text is-stacked-on-mobile\"><figure class=\"wp-block-media-text__media\"><img loading=\"lazy\" decoding=\"async\" width=\"1024\" height=\"576\" src=\"http:\/\/www.educ-montessori.com\/wp-content\/uploads\/2025\/08\/nom-et-determinant-kofi-1024x576.jpg\" alt=\"\" class=\"wp-image-2272 size-full\" srcset=\"https:\/\/www.educ-montessori.com\/wp-content\/uploads\/2025\/08\/nom-et-determinant-kofi-1024x576.jpg 1024w, https:\/\/www.educ-montessori.com\/wp-content\/uploads\/2025\/08\/nom-et-determinant-kofi-300x169.jpg 300w, https:\/\/www.educ-montessori.com\/wp-content\/uploads\/2025\/08\/nom-et-determinant-kofi-768x432.jpg 768w, https:\/\/www.educ-montessori.com\/wp-content\/uploads\/2025\/08\/nom-et-determinant-kofi.jpg 1179w\" sizes=\"auto, (max-width: 1024px) 100vw, 1024px\" \/><\/figure><div class=\"wp-block-media-text__content\">\n<p class=\"has-medium-font-size\"><strong>Nom et d\u00e9terminant 1<\/strong><\/p>\n\n\n\n<p>Objectif : Identifier le nom et son d\u00e9terminant dans un groupe nominal puis dans une phrase. <\/p>\n\n\n\n<div class=\"wp-block-buttons is-layout-flex wp-block-buttons-is-layout-flex\">\n<div class=\"wp-block-button has-custom-width wp-block-button__width-100\"><a class=\"wp-block-button__link wp-element-button\" href=\"http:\/\/www.educ-montessori.com\/index.php\/2025\/08\/19\/nom-et-determinant-1\/\">Lire<\/a><\/div>\n<\/div>\n<\/div><\/div>\n\n\n\n<figure class=\"wp-block-image size-large\"><img loading=\"lazy\" decoding=\"async\" width=\"1024\" height=\"88\" src=\"http:\/\/www.educ-montessori.com\/wp-content\/uploads\/2025\/08\/ban-nom-1024x88.png\" alt=\"\" class=\"wp-image-2274\" srcset=\"https:\/\/www.educ-montessori.com\/wp-content\/uploads\/2025\/08\/ban-nom-1024x88.png 1024w, https:\/\/www.educ-montessori.com\/wp-content\/uploads\/2025\/08\/ban-nom-300x26.png 300w, https:\/\/www.educ-montessori.com\/wp-content\/uploads\/2025\/08\/ban-nom-768x66.png 768w, https:\/\/www.educ-montessori.com\/wp-content\/uploads\/2025\/08\/ban-nom.png 1323w\" sizes=\"auto, (max-width: 1024px) 100vw, 1024px\" \/><\/figure>\n\n\n\n<div class=\"wp-block-media-text is-stacked-on-mobile\"><figure class=\"wp-block-media-text__media\"><a href=\"https:\/\/ko-fi.com\/s\/180b158721\"><img loading=\"lazy\" decoding=\"async\" width=\"859\" height=\"644\" src=\"http:\/\/www.educ-montessori.com\/wp-content\/uploads\/2024\/12\/DIAPORAMA-NOM-DETERMINANT-educ-montessori.jpg\" alt=\"\" class=\"wp-image-1032 size-full\" srcset=\"https:\/\/www.educ-montessori.com\/wp-content\/uploads\/2024\/12\/DIAPORAMA-NOM-DETERMINANT-educ-montessori.jpg 859w, https:\/\/www.educ-montessori.com\/wp-content\/uploads\/2024\/12\/DIAPORAMA-NOM-DETERMINANT-educ-montessori-300x225.jpg 300w, https:\/\/www.educ-montessori.com\/wp-content\/uploads\/2024\/12\/DIAPORAMA-NOM-DETERMINANT-educ-montessori-768x576.jpg 768w\" sizes=\"auto, (max-width: 859px) 100vw, 859px\" \/><\/a><\/figure><div class=\"wp-block-media-text__content\">\n<p class=\"has-medium-font-size\"><strong>Diaporama de grammaire 1<\/strong><\/p>\n\n\n\n<p>Pour un travail collectif. J&rsquo;ai fabriqu\u00e9 des grands symboles magn\u00e9tiques en papier mousse. Les enfants viennent les placer sur le tableau.<\/p>\n\n\n\n<div class=\"wp-block-buttons is-layout-flex wp-block-buttons-is-layout-flex\">\n<div class=\"wp-block-button has-custom-width wp-block-button__width-100\"><a class=\"wp-block-button__link has-black-background-color has-background wp-element-button\" href=\"https:\/\/ko-fi.com\/s\/180b158721\" target=\"_blank\" rel=\"noreferrer noopener\">Ko-fi free<\/a><\/div>\n<\/div>\n<\/div><\/div>\n\n\n\n<figure class=\"wp-block-image size-large\"><img loading=\"lazy\" decoding=\"async\" width=\"1024\" height=\"88\" src=\"http:\/\/www.educ-montessori.com\/wp-content\/uploads\/2025\/08\/ban-nom-1024x88.png\" alt=\"\" class=\"wp-image-2274\" srcset=\"https:\/\/www.educ-montessori.com\/wp-content\/uploads\/2025\/08\/ban-nom-1024x88.png 1024w, https:\/\/www.educ-montessori.com\/wp-content\/uploads\/2025\/08\/ban-nom-300x26.png 300w, https:\/\/www.educ-montessori.com\/wp-content\/uploads\/2025\/08\/ban-nom-768x66.png 768w, https:\/\/www.educ-montessori.com\/wp-content\/uploads\/2025\/08\/ban-nom.png 1323w\" sizes=\"auto, (max-width: 1024px) 100vw, 1024px\" \/><\/figure>\n\n\n\n<div class=\"wp-block-media-text is-stacked-on-mobile\"><figure class=\"wp-block-media-text__media\"><a href=\"http:\/\/www.educ-montessori.com\/index.php\/2025\/04\/02\/nom-et-determinants-ateliers-de-manipulation-avec-les-series-roses-et-bleues\/\"><img loading=\"lazy\" decoding=\"async\" width=\"603\" height=\"402\" src=\"http:\/\/www.educ-montessori.com\/wp-content\/uploads\/2025\/08\/NomSymboles_Demo.jpg\" alt=\"\" class=\"wp-image-2271 size-full\" srcset=\"https:\/\/www.educ-montessori.com\/wp-content\/uploads\/2025\/08\/NomSymboles_Demo.jpg 603w, https:\/\/www.educ-montessori.com\/wp-content\/uploads\/2025\/08\/NomSymboles_Demo-300x200.jpg 300w\" sizes=\"auto, (max-width: 603px) 100vw, 603px\" \/><\/a><\/figure><div class=\"wp-block-media-text__content\">\n<p class=\"has-medium-font-size\"><strong>Nom et d\u00e9terminant<\/strong> <strong>2<\/strong><\/p>\n\n\n\n<p>Objectif : choisir le bon d\u00e9terminant : un, une, le, la <\/p>\n\n\n\n<div class=\"wp-block-buttons is-layout-flex wp-block-buttons-is-layout-flex\">\n<div class=\"wp-block-button has-custom-width wp-block-button__width-100\"><a class=\"wp-block-button__link wp-element-button\" href=\"http:\/\/www.educ-montessori.com\/index.php\/2025\/04\/02\/nom-et-determinants-ateliers-de-manipulation-avec-les-series-roses-et-bleues\/\">Lire<\/a><\/div>\n<\/div>\n<\/div><\/div>\n\n\n\n<figure class=\"wp-block-image size-large\"><img loading=\"lazy\" decoding=\"async\" width=\"1024\" height=\"88\" src=\"http:\/\/www.educ-montessori.com\/wp-content\/uploads\/2025\/08\/ban-nom-1024x88.png\" alt=\"\" class=\"wp-image-2274\" srcset=\"https:\/\/www.educ-montessori.com\/wp-content\/uploads\/2025\/08\/ban-nom-1024x88.png 1024w, https:\/\/www.educ-montessori.com\/wp-content\/uploads\/2025\/08\/ban-nom-300x26.png 300w, https:\/\/www.educ-montessori.com\/wp-content\/uploads\/2025\/08\/ban-nom-768x66.png 768w, https:\/\/www.educ-montessori.com\/wp-content\/uploads\/2025\/08\/ban-nom.png 1323w\" sizes=\"auto, (max-width: 1024px) 100vw, 1024px\" \/><\/figure>\n\n\n\n<div class=\"wp-block-media-text is-stacked-on-mobile\"><figure class=\"wp-block-media-text__media\"><img loading=\"lazy\" decoding=\"async\" width=\"949\" height=\"1024\" src=\"http:\/\/www.educ-montessori.com\/wp-content\/uploads\/2025\/08\/nom-cahier-2-949x1024.jpg\" alt=\"\" class=\"wp-image-2300 size-full\" srcset=\"https:\/\/www.educ-montessori.com\/wp-content\/uploads\/2025\/08\/nom-cahier-2-949x1024.jpg 949w, https:\/\/www.educ-montessori.com\/wp-content\/uploads\/2025\/08\/nom-cahier-2-278x300.jpg 278w, https:\/\/www.educ-montessori.com\/wp-content\/uploads\/2025\/08\/nom-cahier-2-768x829.jpg 768w, https:\/\/www.educ-montessori.com\/wp-content\/uploads\/2025\/08\/nom-cahier-2.jpg 1241w\" sizes=\"auto, (max-width: 949px) 100vw, 949px\" \/><\/figure><div class=\"wp-block-media-text__content\">\n<p class=\"has-medium-font-size\"><strong>Mon cahier d&rsquo;exercices<\/strong><\/p>\n\n\n\n<p>Mon cahier d&rsquo;exercice \u00e0 imprimer au format livret A5. <\/p>\n\n\n\n<p><em>Noms communs, noms propress, d\u00e9terminants, accords&#8230;<\/em><\/p>\n\n\n\n<div class=\"wp-block-buttons is-layout-flex wp-block-buttons-is-layout-flex\">\n<div class=\"wp-block-button has-custom-width wp-block-button__width-100\"><a class=\"wp-block-button__link has-black-background-color has-background wp-element-button\" href=\"http:\/\/Le Nom cahier A5 educ-montessori\">PDF<\/a><\/div>\n<\/div>\n\n\n\n<div class=\"wp-block-file aligncenter\"><a id=\"wp-block-file--media-8639c8ec-d7c5-4e15-8b3c-31c148290a49\" href=\"http:\/\/www.educ-montessori.com\/wp-content\/uploads\/2025\/08\/Le-Nom-cahier-A5-educ-montessori.pdf\">Le Nom cahier A5 educ-montessori<\/a><\/div>\n<\/div><\/div>\n\n\n\n<figure class=\"wp-block-image size-large\"><img loading=\"lazy\" decoding=\"async\" width=\"1024\" height=\"88\" src=\"http:\/\/www.educ-montessori.com\/wp-content\/uploads\/2025\/08\/ban-nom-1024x88.png\" alt=\"\" class=\"wp-image-2274\" srcset=\"https:\/\/www.educ-montessori.com\/wp-content\/uploads\/2025\/08\/ban-nom-1024x88.png 1024w, https:\/\/www.educ-montessori.com\/wp-content\/uploads\/2025\/08\/ban-nom-300x26.png 300w, https:\/\/www.educ-montessori.com\/wp-content\/uploads\/2025\/08\/ban-nom-768x66.png 768w, https:\/\/www.educ-montessori.com\/wp-content\/uploads\/2025\/08\/ban-nom.png 1323w\" sizes=\"auto, (max-width: 1024px) 100vw, 1024px\" \/><\/figure>\n\n\n\n<p><\/p>\n","protected":false},"excerpt":{"rendered":"","protected":false},"author":2,"featured_media":0,"parent":0,"menu_order":0,"comment_status":"closed","ping_status":"closed","template":"","meta":{"_themeisle_gutenberg_block_has_review":false,"footnotes":""},"class_list":["post-2270","page","type-page","status-publish","hentry"],"_links":{"self":[{"href":"https:\/\/www.educ-montessori.com\/index.php\/wp-json\/wp\/v2\/pages\/2270","targetHints":{"allow":["GET"]}}],"collection":[{"href":"https:\/\/www.educ-montessori.com\/index.php\/wp-json\/wp\/v2\/pages"}],"about":[{"href":"https:\/\/www.educ-montessori.com\/index.php\/wp-json\/wp\/v2\/types\/page"}],"author":[{"embeddable":true,"href":"https:\/\/www.educ-montessori.com\/index.php\/wp-json\/wp\/v2\/users\/2"}],"replies":[{"embeddable":true,"href":"https:\/\/www.educ-montessori.com\/index.php\/wp-json\/wp\/v2\/comments?post=2270"}],"version-history":[{"count":7,"href":"https:\/\/www.educ-montessori.com\/index.php\/wp-json\/wp\/v2\/pages\/2270\/revisions"}],"predecessor-version":[{"id":2303,"href":"https:\/\/www.educ-montessori.com\/index.php\/wp-json\/wp\/v2\/pages\/2270\/revisions\/2303"}],"wp:attachment":[{"href":"https:\/\/www.educ-montessori.com\/index.php\/wp-json\/wp\/v2\/media?parent=2270"}],"curies":[{"name":"wp","href":"https:\/\/api.w.org\/{rel}","templated":true}]}}