{"id":2042,"date":"2025-08-17T22:08:27","date_gmt":"2025-08-17T20:08:27","guid":{"rendered":"http:\/\/www.educ-montessori.com\/?page_id=2042"},"modified":"2025-08-17T22:08:27","modified_gmt":"2025-08-17T20:08:27","slug":"les-cap","status":"publish","type":"page","link":"https:\/\/www.educ-montessori.com\/index.php\/les-cap\/","title":{"rendered":"Les CAP"},"content":{"rendered":"\n<figure class=\"wp-block-image size-large\"><img loading=\"lazy\" decoding=\"async\" width=\"1024\" height=\"89\" src=\"http:\/\/www.educ-montessori.com\/wp-content\/uploads\/2025\/07\/ban2-1024x89.png\" alt=\"\" class=\"wp-image-1814\" srcset=\"https:\/\/www.educ-montessori.com\/wp-content\/uploads\/2025\/07\/ban2-1024x89.png 1024w, https:\/\/www.educ-montessori.com\/wp-content\/uploads\/2025\/07\/ban2-300x26.png 300w, https:\/\/www.educ-montessori.com\/wp-content\/uploads\/2025\/07\/ban2-768x67.png 768w, https:\/\/www.educ-montessori.com\/wp-content\/uploads\/2025\/07\/ban2.png 1039w\" sizes=\"auto, (max-width: 1024px) 100vw, 1024px\" \/><\/figure>\n\n\n\n<h2 class=\"wp-block-heading\"><strong>Cartes \u00e0 pince CALCUL <\/strong><\/h2>\n\n\n\n<p><strong>Utilisation :<\/strong> imprimez, plastifiez et d\u00e9coupez les cartes. Je fais ensuite des paquets de 10 que je relie avec <a href=\"https:\/\/amzn.to\/417ybeK\" target=\"_blank\" rel=\"noreferrer noopener\">un anneau m\u00e9tallique<\/a>. Marquez la r\u00e9ponse au dos au feutre ind\u00e9l\u00e9bile de pr\u00e9f\u00e9rence de couleur claire. L\u2019enfant place <a href=\"https:\/\/amzn.to\/45IiMD7\" target=\"_blank\" rel=\"noreferrer noopener\">une petit pince<\/a> sur la r\u00e9ponse de son choix puis retourne la carte pour se corriger en autonomie.<\/p>\n\n\n\n<div class=\"wp-block-media-text is-stacked-on-mobile\"><figure class=\"wp-block-media-text__media\"><img loading=\"lazy\" decoding=\"async\" width=\"299\" height=\"213\" src=\"http:\/\/www.educ-montessori.com\/wp-content\/uploads\/2025\/08\/cartapinces-additions.webp\" alt=\"\" class=\"wp-image-2044 size-full\"\/><\/figure><div class=\"wp-block-media-text__content\">\n<p class=\"has-medium-font-size\"><strong>Niveau 1 : nombres &lt; 10<\/strong><\/p>\n\n\n\n<p>Pour le niveau 1, j&rsquo;utilise les cartes de <a href=\"https:\/\/lamaitresseetsesmonstrueux.wordpress.com\/category\/mathematiques\/calcul\/\">La Maitresse et Ses Monstrueux<\/a>. Elle m&rsquo;a inspir\u00e9e les suivantes et je la remercie !<\/p>\n\n\n\n<div class=\"wp-block-buttons is-layout-flex wp-block-buttons-is-layout-flex\">\n<div class=\"wp-block-button has-custom-width wp-block-button__width-100\"><a class=\"wp-block-button__link has-vivid-red-background-color has-background wp-element-button\" href=\"https:\/\/lamaitresseetsesmonstrueux.wordpress.com\/category\/mathematiques\/calcul\/\" target=\"_blank\" rel=\"noreferrer noopener\">Lien<\/a><\/div>\n<\/div>\n<\/div><\/div>\n\n\n\n<div class=\"wp-block-media-text is-stacked-on-mobile\"><figure class=\"wp-block-media-text__media\"><img loading=\"lazy\" decoding=\"async\" width=\"1024\" height=\"724\" src=\"http:\/\/www.educ-montessori.com\/wp-content\/uploads\/2025\/08\/CAP-addtitions-soustractions_nombres_0_20-1536x1086-1-1024x724.jpg\" alt=\"\" class=\"wp-image-2045 size-full\" srcset=\"https:\/\/www.educ-montessori.com\/wp-content\/uploads\/2025\/08\/CAP-addtitions-soustractions_nombres_0_20-1536x1086-1-1024x724.jpg 1024w, https:\/\/www.educ-montessori.com\/wp-content\/uploads\/2025\/08\/CAP-addtitions-soustractions_nombres_0_20-1536x1086-1-300x212.jpg 300w, https:\/\/www.educ-montessori.com\/wp-content\/uploads\/2025\/08\/CAP-addtitions-soustractions_nombres_0_20-1536x1086-1-768x543.jpg 768w, https:\/\/www.educ-montessori.com\/wp-content\/uploads\/2025\/08\/CAP-addtitions-soustractions_nombres_0_20-1536x1086-1.jpg 1536w\" sizes=\"auto, (max-width: 1024px) 100vw, 1024px\" \/><\/figure><div class=\"wp-block-media-text__content\">\n<p class=\"has-medium-font-size\"><strong>Niveau 2 : nombres &lt; 20<\/strong><\/p>\n\n\n\n<p>Additions et soustractions :<\/p>\n\n\n\n<div class=\"wp-block-buttons is-layout-flex wp-block-buttons-is-layout-flex\">\n<div class=\"wp-block-button has-custom-width wp-block-button__width-100\"><a class=\"wp-block-button__link has-vivid-red-background-color has-background wp-element-button\" href=\"http:\/\/www.educ-montessori.com\/wp-content\/uploads\/2024\/11\/CAP-CALCUL-niveau-2-INF20-montessori_publique_cycle2-1.pdf\">PDF<\/a><\/div>\n<\/div>\n\n\n\n<hr class=\"wp-block-separator has-text-color has-white-color has-alpha-channel-opacity has-white-background-color has-background\"\/>\n\n\n\n<div class=\"wp-block-buttons is-layout-flex wp-block-buttons-is-layout-flex\">\n<div class=\"wp-block-button has-custom-width wp-block-button__width-100\"><a class=\"wp-block-button__link has-vivid-red-background-color has-background wp-element-button\" href=\"http:\/\/www.educ-montessori.com\/wp-content\/uploads\/2024\/11\/CAP-CALCUL-niveau-2-TITRE-montessori_publique_cycle2-1.pdf\">TITRE<\/a><\/div>\n<\/div>\n<\/div><\/div>\n\n\n\n<div class=\"wp-block-media-text is-stacked-on-mobile\"><figure class=\"wp-block-media-text__media\"><img loading=\"lazy\" decoding=\"async\" width=\"1024\" height=\"724\" src=\"http:\/\/www.educ-montessori.com\/wp-content\/uploads\/2025\/08\/additions-1-1024x724.jpg\" alt=\"\" class=\"wp-image-2046 size-full\" srcset=\"https:\/\/www.educ-montessori.com\/wp-content\/uploads\/2025\/08\/additions-1-1024x724.jpg 1024w, https:\/\/www.educ-montessori.com\/wp-content\/uploads\/2025\/08\/additions-1-300x212.jpg 300w, https:\/\/www.educ-montessori.com\/wp-content\/uploads\/2025\/08\/additions-1-768x543.jpg 768w, https:\/\/www.educ-montessori.com\/wp-content\/uploads\/2025\/08\/additions-1.jpg 1403w\" sizes=\"auto, (max-width: 1024px) 100vw, 1024px\" \/><\/figure><div class=\"wp-block-media-text__content\">\n<p class=\"has-medium-font-size\"><strong>Niveau 3 : nombres &lt; 30<\/strong><\/p>\n\n\n\n<p>Additions et soustractions :<\/p>\n\n\n\n<div class=\"wp-block-buttons is-layout-flex wp-block-buttons-is-layout-flex\">\n<div class=\"wp-block-button has-custom-width wp-block-button__width-100\"><a class=\"wp-block-button__link has-vivid-red-background-color has-background wp-element-button\" href=\"http:\/\/www.educ-montessori.com\/wp-content\/uploads\/2024\/11\/cap-calculs-add-niveau-3-montessori_publique_cycle2.pdf\">PDF<\/a><\/div>\n<\/div>\n\n\n\n<hr class=\"wp-block-separator has-text-color has-white-color has-alpha-channel-opacity has-white-background-color has-background\"\/>\n\n\n\n<div class=\"wp-block-buttons is-layout-flex wp-block-buttons-is-layout-flex\">\n<div class=\"wp-block-button has-custom-width wp-block-button__width-100\"><a class=\"wp-block-button__link has-vivid-red-background-color has-background wp-element-button\" href=\"https:\/\/www.educ-montessori.com\/wp-content\/uploads\/2024\/12\/cap-calculs-soustractions-niveau-3-montessori_publique_cycle2.pdf\">PDF<\/a><\/div>\n<\/div>\n<\/div><\/div>\n\n\n\n<figure class=\"wp-block-image size-large\"><img loading=\"lazy\" decoding=\"async\" width=\"1024\" height=\"89\" src=\"http:\/\/www.educ-montessori.com\/wp-content\/uploads\/2025\/07\/ban2-1024x89.png\" alt=\"\" class=\"wp-image-1814\" srcset=\"https:\/\/www.educ-montessori.com\/wp-content\/uploads\/2025\/07\/ban2-1024x89.png 1024w, https:\/\/www.educ-montessori.com\/wp-content\/uploads\/2025\/07\/ban2-300x26.png 300w, https:\/\/www.educ-montessori.com\/wp-content\/uploads\/2025\/07\/ban2-768x67.png 768w, https:\/\/www.educ-montessori.com\/wp-content\/uploads\/2025\/07\/ban2.png 1039w\" sizes=\"auto, (max-width: 1024px) 100vw, 1024px\" \/><\/figure>\n\n\n\n<p><\/p>\n","protected":false},"excerpt":{"rendered":"<p>Cartes \u00e0 pince CALCUL Utilisation : imprimez, plastifiez et d\u00e9coupez les cartes. Je fais ensuite des paquets de 10 que je relie avec un anneau m\u00e9tallique. Marquez la r\u00e9ponse au dos au feutre ind\u00e9l\u00e9bile de pr\u00e9f\u00e9rence de couleur claire. L\u2019enfant place une petit pince sur la r\u00e9ponse de son choix puis retourne la carte pour [&hellip;]<\/p>\n","protected":false},"author":2,"featured_media":0,"parent":0,"menu_order":0,"comment_status":"closed","ping_status":"closed","template":"","meta":{"_themeisle_gutenberg_block_has_review":false,"footnotes":""},"class_list":["post-2042","page","type-page","status-publish","hentry"],"_links":{"self":[{"href":"https:\/\/www.educ-montessori.com\/index.php\/wp-json\/wp\/v2\/pages\/2042","targetHints":{"allow":["GET"]}}],"collection":[{"href":"https:\/\/www.educ-montessori.com\/index.php\/wp-json\/wp\/v2\/pages"}],"about":[{"href":"https:\/\/www.educ-montessori.com\/index.php\/wp-json\/wp\/v2\/types\/page"}],"author":[{"embeddable":true,"href":"https:\/\/www.educ-montessori.com\/index.php\/wp-json\/wp\/v2\/users\/2"}],"replies":[{"embeddable":true,"href":"https:\/\/www.educ-montessori.com\/index.php\/wp-json\/wp\/v2\/comments?post=2042"}],"version-history":[{"count":2,"href":"https:\/\/www.educ-montessori.com\/index.php\/wp-json\/wp\/v2\/pages\/2042\/revisions"}],"predecessor-version":[{"id":2047,"href":"https:\/\/www.educ-montessori.com\/index.php\/wp-json\/wp\/v2\/pages\/2042\/revisions\/2047"}],"wp:attachment":[{"href":"https:\/\/www.educ-montessori.com\/index.php\/wp-json\/wp\/v2\/media?parent=2042"}],"curies":[{"name":"wp","href":"https:\/\/api.w.org\/{rel}","templated":true}]}}