{"id":2033,"date":"2025-08-17T21:27:20","date_gmt":"2025-08-17T19:27:20","guid":{"rendered":"http:\/\/www.educ-montessori.com\/?page_id=2033"},"modified":"2025-08-18T22:33:38","modified_gmt":"2025-08-18T20:33:38","slug":"les-timbres-montessori","status":"publish","type":"page","link":"https:\/\/www.educ-montessori.com\/index.php\/les-timbres-montessori\/","title":{"rendered":"Les timbres Montessori"},"content":{"rendered":"\n<figure class=\"wp-block-image size-large\"><img loading=\"lazy\" decoding=\"async\" width=\"1024\" height=\"89\" src=\"http:\/\/www.educ-montessori.com\/wp-content\/uploads\/2025\/07\/ban2-1024x89.png\" alt=\"\" class=\"wp-image-1814\" srcset=\"https:\/\/www.educ-montessori.com\/wp-content\/uploads\/2025\/07\/ban2-1024x89.png 1024w, https:\/\/www.educ-montessori.com\/wp-content\/uploads\/2025\/07\/ban2-300x26.png 300w, https:\/\/www.educ-montessori.com\/wp-content\/uploads\/2025\/07\/ban2-768x67.png 768w, https:\/\/www.educ-montessori.com\/wp-content\/uploads\/2025\/07\/ban2.png 1039w\" sizes=\"auto, (max-width: 1024px) 100vw, 1024px\" \/><\/figure>\n\n\n\n<div class=\"wp-block-media-text is-stacked-on-mobile\" style=\"grid-template-columns:44% auto\"><figure class=\"wp-block-media-text__media\"><img loading=\"lazy\" decoding=\"async\" width=\"1024\" height=\"1024\" src=\"http:\/\/www.educ-montessori.com\/wp-content\/uploads\/2024\/12\/timbres-image2-1024x1024.jpg\" alt=\"\" class=\"wp-image-1063 size-full\" srcset=\"https:\/\/www.educ-montessori.com\/wp-content\/uploads\/2024\/12\/timbres-image2-1024x1024.jpg 1024w, https:\/\/www.educ-montessori.com\/wp-content\/uploads\/2024\/12\/timbres-image2-300x300.jpg 300w, https:\/\/www.educ-montessori.com\/wp-content\/uploads\/2024\/12\/timbres-image2-150x150.jpg 150w, https:\/\/www.educ-montessori.com\/wp-content\/uploads\/2024\/12\/timbres-image2-768x768.jpg 768w, https:\/\/www.educ-montessori.com\/wp-content\/uploads\/2024\/12\/timbres-image2-1536x1536.jpg 1536w, https:\/\/www.educ-montessori.com\/wp-content\/uploads\/2024\/12\/timbres-image2.jpg 1600w\" sizes=\"auto, (max-width: 1024px) 100vw, 1024px\" \/><\/figure><div class=\"wp-block-media-text__content\">\n<p class=\"has-medium-font-size\"><strong>Les timbres Montessori :<\/strong><\/p>\n\n\n\n<ul class=\"wp-block-list\">\n<li>Comment les utiliser en classe ?<\/li>\n\n\n\n<li>Quels sont leurs apports p\u00e9dagogiques ?<\/li>\n\n\n\n<li>Quel mat\u00e9riel choisir ?<\/li>\n<\/ul>\n\n\n\n<div class=\"wp-block-buttons is-layout-flex wp-block-buttons-is-layout-flex\">\n<div class=\"wp-block-button has-custom-width wp-block-button__width-100\"><a class=\"wp-block-button__link has-vivid-red-background-color has-background wp-element-button\" href=\"http:\/\/www.educ-montessori.com\/index.php\/2024\/12\/26\/numeration-les-timbres-montessori\/\">Lire<\/a><\/div>\n<\/div>\n<\/div><\/div>\n\n\n\n<figure class=\"wp-block-image size-large\"><img loading=\"lazy\" decoding=\"async\" width=\"1024\" height=\"89\" src=\"http:\/\/www.educ-montessori.com\/wp-content\/uploads\/2025\/07\/ban2-1024x89.png\" alt=\"\" class=\"wp-image-1814\" srcset=\"https:\/\/www.educ-montessori.com\/wp-content\/uploads\/2025\/07\/ban2-1024x89.png 1024w, https:\/\/www.educ-montessori.com\/wp-content\/uploads\/2025\/07\/ban2-300x26.png 300w, https:\/\/www.educ-montessori.com\/wp-content\/uploads\/2025\/07\/ban2-768x67.png 768w, https:\/\/www.educ-montessori.com\/wp-content\/uploads\/2025\/07\/ban2.png 1039w\" sizes=\"auto, (max-width: 1024px) 100vw, 1024px\" \/><\/figure>\n\n\n\n<div class=\"wp-block-media-text is-stacked-on-mobile\" style=\"grid-template-columns:44% auto\"><figure class=\"wp-block-media-text__media\"><img loading=\"lazy\" decoding=\"async\" width=\"1024\" height=\"733\" src=\"http:\/\/www.educ-montessori.com\/wp-content\/uploads\/2024\/12\/timbres-image3-1024x733.jpg\" alt=\"\" class=\"wp-image-1065 size-full\" srcset=\"https:\/\/www.educ-montessori.com\/wp-content\/uploads\/2024\/12\/timbres-image3-1024x733.jpg 1024w, https:\/\/www.educ-montessori.com\/wp-content\/uploads\/2024\/12\/timbres-image3-300x215.jpg 300w, https:\/\/www.educ-montessori.com\/wp-content\/uploads\/2024\/12\/timbres-image3-768x550.jpg 768w, https:\/\/www.educ-montessori.com\/wp-content\/uploads\/2024\/12\/timbres-image3.jpg 1451w\" sizes=\"auto, (max-width: 1024px) 100vw, 1024px\" \/><\/figure><div class=\"wp-block-media-text__content\">\n<p class=\"has-medium-font-size\"><strong>Les timbres et les programmes de l\u2019\u00c9ducation Nationale<\/strong><\/p>\n\n\n\n<ul class=\"wp-block-list\">\n<li>Comp\u00e9tences travaill\u00e9es (programmes de cycle 2 &#8211; 2025)<\/li>\n<\/ul>\n\n\n\n<div class=\"wp-block-buttons is-layout-flex wp-block-buttons-is-layout-flex\">\n<div class=\"wp-block-button has-custom-width wp-block-button__width-100\"><a class=\"wp-block-button__link has-vivid-red-background-color has-background wp-element-button\">Lire<\/a><\/div>\n<\/div>\n<\/div><\/div>\n\n\n\n<figure class=\"wp-block-image size-large\"><img loading=\"lazy\" decoding=\"async\" width=\"1024\" height=\"89\" src=\"http:\/\/www.educ-montessori.com\/wp-content\/uploads\/2025\/07\/ban2-1024x89.png\" alt=\"\" class=\"wp-image-1814\" srcset=\"https:\/\/www.educ-montessori.com\/wp-content\/uploads\/2025\/07\/ban2-1024x89.png 1024w, https:\/\/www.educ-montessori.com\/wp-content\/uploads\/2025\/07\/ban2-300x26.png 300w, https:\/\/www.educ-montessori.com\/wp-content\/uploads\/2025\/07\/ban2-768x67.png 768w, https:\/\/www.educ-montessori.com\/wp-content\/uploads\/2025\/07\/ban2.png 1039w\" sizes=\"auto, (max-width: 1024px) 100vw, 1024px\" \/><\/figure>\n\n\n\n<div class=\"wp-block-media-text is-stacked-on-mobile\" style=\"grid-template-columns:45% auto\"><figure class=\"wp-block-media-text__media\"><img loading=\"lazy\" decoding=\"async\" width=\"1024\" height=\"737\" src=\"http:\/\/www.educ-montessori.com\/wp-content\/uploads\/2024\/12\/timbres-blog-1024x737.jpg\" alt=\"\" class=\"wp-image-1067 size-full\" srcset=\"https:\/\/www.educ-montessori.com\/wp-content\/uploads\/2024\/12\/timbres-blog-1024x737.jpg 1024w, https:\/\/www.educ-montessori.com\/wp-content\/uploads\/2024\/12\/timbres-blog-300x216.jpg 300w, https:\/\/www.educ-montessori.com\/wp-content\/uploads\/2024\/12\/timbres-blog-768x553.jpg 768w, https:\/\/www.educ-montessori.com\/wp-content\/uploads\/2024\/12\/timbres-blog-1536x1105.jpg 1536w, https:\/\/www.educ-montessori.com\/wp-content\/uploads\/2024\/12\/timbres-blog.jpg 1584w\" sizes=\"auto, (max-width: 1024px) 100vw, 1024px\" \/><\/figure><div class=\"wp-block-media-text__content\">\n<p class=\"has-medium-font-size\"><strong>Atelier de num\u00e9ration<\/strong> : <strong>Associer symboles et quantit\u00e9<\/strong><\/p>\n\n\n\n<p>L\u2019enfant tire une carte quantit\u00e9 et doit y associer la bonne quantit\u00e9 de timbres.<\/p>\n\n\n\n<div class=\"wp-block-buttons is-layout-flex wp-block-buttons-is-layout-flex\">\n<div class=\"wp-block-button has-custom-width wp-block-button__width-100\"><a class=\"wp-block-button__link has-vivid-red-background-color has-background wp-element-button\">ko-fi<\/a><\/div>\n<\/div>\n<\/div><\/div>\n\n\n\n<figure class=\"wp-block-image size-large\"><img loading=\"lazy\" decoding=\"async\" width=\"1024\" height=\"89\" src=\"http:\/\/www.educ-montessori.com\/wp-content\/uploads\/2025\/07\/ban2-1024x89.png\" alt=\"\" class=\"wp-image-1814\" srcset=\"https:\/\/www.educ-montessori.com\/wp-content\/uploads\/2025\/07\/ban2-1024x89.png 1024w, https:\/\/www.educ-montessori.com\/wp-content\/uploads\/2025\/07\/ban2-300x26.png 300w, https:\/\/www.educ-montessori.com\/wp-content\/uploads\/2025\/07\/ban2-768x67.png 768w, https:\/\/www.educ-montessori.com\/wp-content\/uploads\/2025\/07\/ban2.png 1039w\" sizes=\"auto, (max-width: 1024px) 100vw, 1024px\" \/><\/figure>\n\n\n\n<div class=\"wp-block-media-text is-stacked-on-mobile\" style=\"grid-template-columns:44% auto\"><figure class=\"wp-block-media-text__media\"><a href=\"https:\/\/ko-fi.com\/s\/fa094ddab0\"><img loading=\"lazy\" decoding=\"async\" width=\"1024\" height=\"724\" src=\"http:\/\/www.educ-montessori.com\/wp-content\/uploads\/2025\/08\/8aaf5c0c-987a-4060-972f-01df72e00a41_cartestimbresditionsstatiques-1024x724.gif\" alt=\"\" class=\"wp-image-2034 size-full\" srcset=\"https:\/\/www.educ-montessori.com\/wp-content\/uploads\/2025\/08\/8aaf5c0c-987a-4060-972f-01df72e00a41_cartestimbresditionsstatiques-1024x724.gif 1024w, https:\/\/www.educ-montessori.com\/wp-content\/uploads\/2025\/08\/8aaf5c0c-987a-4060-972f-01df72e00a41_cartestimbresditionsstatiques-300x212.gif 300w, https:\/\/www.educ-montessori.com\/wp-content\/uploads\/2025\/08\/8aaf5c0c-987a-4060-972f-01df72e00a41_cartestimbresditionsstatiques-768x543.gif 768w\" sizes=\"auto, (max-width: 1024px) 100vw, 1024px\" \/><\/a><\/figure><div class=\"wp-block-media-text__content\">\n<p class=\"has-medium-font-size\"><strong>Atelier de calcul : Addition statique et dynamique<\/strong><\/p>\n\n\n\n<ul class=\"wp-block-list\">\n<li>Niveau 1 : jusqu\u2019\u00e0 99<\/li>\n\n\n\n<li>Niveau 2 : jusqu\u2019\u00e0 999<\/li>\n\n\n\n<li>Niveau 3 : jusqu\u2019\u00e0 9999<\/li>\n<\/ul>\n\n\n\n<div class=\"wp-block-buttons is-layout-flex wp-block-buttons-is-layout-flex\">\n<div class=\"wp-block-button has-custom-width wp-block-button__width-100\"><a class=\"wp-block-button__link has-vivid-red-background-color has-background wp-element-button\" href=\"https:\/\/ko-fi.com\/s\/fa094ddab0\" target=\"_blank\" rel=\"noreferrer noopener\">ko-fi<\/a><\/div>\n<\/div>\n<\/div><\/div>\n\n\n\n<figure class=\"wp-block-image size-large\"><img loading=\"lazy\" decoding=\"async\" width=\"1024\" height=\"89\" src=\"http:\/\/www.educ-montessori.com\/wp-content\/uploads\/2025\/07\/ban2-1024x89.png\" alt=\"\" class=\"wp-image-1814\" srcset=\"https:\/\/www.educ-montessori.com\/wp-content\/uploads\/2025\/07\/ban2-1024x89.png 1024w, https:\/\/www.educ-montessori.com\/wp-content\/uploads\/2025\/07\/ban2-300x26.png 300w, https:\/\/www.educ-montessori.com\/wp-content\/uploads\/2025\/07\/ban2-768x67.png 768w, https:\/\/www.educ-montessori.com\/wp-content\/uploads\/2025\/07\/ban2.png 1039w\" sizes=\"auto, (max-width: 1024px) 100vw, 1024px\" \/><\/figure>\n\n\n\n<div class=\"wp-block-media-text is-stacked-on-mobile\" style=\"grid-template-columns:44% auto\"><figure class=\"wp-block-media-text__media\"><a href=\"https:\/\/ko-fi.com\/s\/2ae59c5fea\"><img loading=\"lazy\" decoding=\"async\" width=\"1024\" height=\"724\" src=\"http:\/\/www.educ-montessori.com\/wp-content\/uploads\/2025\/08\/2a68c112-a977-4c27-b64b-5893fdf25764_cartestimbressoustractionsdynamiques3-1024x724.gif\" alt=\"\" class=\"wp-image-2035 size-full\" srcset=\"https:\/\/www.educ-montessori.com\/wp-content\/uploads\/2025\/08\/2a68c112-a977-4c27-b64b-5893fdf25764_cartestimbressoustractionsdynamiques3-1024x724.gif 1024w, https:\/\/www.educ-montessori.com\/wp-content\/uploads\/2025\/08\/2a68c112-a977-4c27-b64b-5893fdf25764_cartestimbressoustractionsdynamiques3-300x212.gif 300w, https:\/\/www.educ-montessori.com\/wp-content\/uploads\/2025\/08\/2a68c112-a977-4c27-b64b-5893fdf25764_cartestimbressoustractionsdynamiques3-768x543.gif 768w\" sizes=\"auto, (max-width: 1024px) 100vw, 1024px\" \/><\/a><\/figure><div class=\"wp-block-media-text__content\">\n<p class=\"has-medium-font-size\"><strong>Atelier de calcul : Soustraction statique et dynamique<\/strong><\/p>\n\n\n\n<ul class=\"wp-block-list\">\n<li>Niveau 1 : jusqu\u2019\u00e0 99<\/li>\n\n\n\n<li>Niveau 2 : jusqu\u2019\u00e0 999<\/li>\n\n\n\n<li>Niveau 3 : jusqu\u2019\u00e0 9999<\/li>\n<\/ul>\n\n\n\n<div class=\"wp-block-buttons is-layout-flex wp-block-buttons-is-layout-flex\">\n<div class=\"wp-block-button has-custom-width wp-block-button__width-100\"><a class=\"wp-block-button__link has-vivid-red-background-color has-background wp-element-button\" href=\"https:\/\/ko-fi.com\/s\/2ae59c5fea\" target=\"_blank\" rel=\"noreferrer noopener\">ko-fi<\/a><\/div>\n<\/div>\n<\/div><\/div>\n\n\n\n<figure class=\"wp-block-image size-large\"><img loading=\"lazy\" decoding=\"async\" width=\"1024\" height=\"89\" src=\"http:\/\/www.educ-montessori.com\/wp-content\/uploads\/2025\/07\/ban2-1024x89.png\" alt=\"\" class=\"wp-image-1814\" srcset=\"https:\/\/www.educ-montessori.com\/wp-content\/uploads\/2025\/07\/ban2-1024x89.png 1024w, https:\/\/www.educ-montessori.com\/wp-content\/uploads\/2025\/07\/ban2-300x26.png 300w, https:\/\/www.educ-montessori.com\/wp-content\/uploads\/2025\/07\/ban2-768x67.png 768w, https:\/\/www.educ-montessori.com\/wp-content\/uploads\/2025\/07\/ban2.png 1039w\" sizes=\"auto, (max-width: 1024px) 100vw, 1024px\" \/><\/figure>\n\n\n\n<div class=\"wp-block-media-text is-stacked-on-mobile\" style=\"grid-template-columns:44% auto\"><figure class=\"wp-block-media-text__media\"><a href=\"https:\/\/ko-fi.com\/s\/d6f974e3ec\"><img loading=\"lazy\" decoding=\"async\" width=\"1024\" height=\"724\" src=\"http:\/\/www.educ-montessori.com\/wp-content\/uploads\/2025\/08\/c7eda9e6-fbce-4557-9a5e-5f4805750b2c_cartestimbresmultiplications3-1024x724.gif\" alt=\"\" class=\"wp-image-2036 size-full\" srcset=\"https:\/\/www.educ-montessori.com\/wp-content\/uploads\/2025\/08\/c7eda9e6-fbce-4557-9a5e-5f4805750b2c_cartestimbresmultiplications3-1024x724.gif 1024w, https:\/\/www.educ-montessori.com\/wp-content\/uploads\/2025\/08\/c7eda9e6-fbce-4557-9a5e-5f4805750b2c_cartestimbresmultiplications3-300x212.gif 300w, https:\/\/www.educ-montessori.com\/wp-content\/uploads\/2025\/08\/c7eda9e6-fbce-4557-9a5e-5f4805750b2c_cartestimbresmultiplications3-768x543.gif 768w\" sizes=\"auto, (max-width: 1024px) 100vw, 1024px\" \/><\/a><\/figure><div class=\"wp-block-media-text__content\">\n<p class=\"has-medium-font-size\"><strong>Atelier de calcul : Multiplication<\/strong><\/p>\n\n\n\n<ul class=\"wp-block-list\">\n<li>Niveau 1 : jusqu\u2019\u00e0 99<\/li>\n\n\n\n<li>Niveau 2 : jusqu\u2019\u00e0 999<\/li>\n\n\n\n<li>Niveau 3 : jusqu\u2019\u00e0 9999<\/li>\n<\/ul>\n\n\n\n<div class=\"wp-block-buttons is-layout-flex wp-block-buttons-is-layout-flex\">\n<div class=\"wp-block-button has-custom-width wp-block-button__width-100\"><a class=\"wp-block-button__link has-vivid-red-background-color has-background wp-element-button\" href=\"https:\/\/ko-fi.com\/s\/d6f974e3ec\" target=\"_blank\" rel=\"noreferrer noopener\">ko-fi<\/a><\/div>\n<\/div>\n<\/div><\/div>\n\n\n\n<figure class=\"wp-block-image size-large\"><img loading=\"lazy\" decoding=\"async\" width=\"1024\" height=\"89\" src=\"http:\/\/www.educ-montessori.com\/wp-content\/uploads\/2025\/07\/ban2-1024x89.png\" alt=\"\" class=\"wp-image-1814\" srcset=\"https:\/\/www.educ-montessori.com\/wp-content\/uploads\/2025\/07\/ban2-1024x89.png 1024w, https:\/\/www.educ-montessori.com\/wp-content\/uploads\/2025\/07\/ban2-300x26.png 300w, https:\/\/www.educ-montessori.com\/wp-content\/uploads\/2025\/07\/ban2-768x67.png 768w, https:\/\/www.educ-montessori.com\/wp-content\/uploads\/2025\/07\/ban2.png 1039w\" sizes=\"auto, (max-width: 1024px) 100vw, 1024px\" \/><\/figure>\n\n\n\n<div class=\"wp-block-media-text is-stacked-on-mobile\" style=\"grid-template-columns:45% auto\"><figure class=\"wp-block-media-text__media\"><img loading=\"lazy\" decoding=\"async\" width=\"751\" height=\"906\" src=\"http:\/\/www.educ-montessori.com\/wp-content\/uploads\/2025\/08\/61L4aoIqYOL._AC_SL1000_.jpg\" alt=\"\" class=\"wp-image-2097 size-full\" srcset=\"https:\/\/www.educ-montessori.com\/wp-content\/uploads\/2025\/08\/61L4aoIqYOL._AC_SL1000_.jpg 751w, https:\/\/www.educ-montessori.com\/wp-content\/uploads\/2025\/08\/61L4aoIqYOL._AC_SL1000_-249x300.jpg 249w\" sizes=\"auto, (max-width: 751px) 100vw, 751px\" \/><\/figure><div class=\"wp-block-media-text__content\">\n<p class=\"has-medium-font-size\"><strong>Imprimer les timbres avec une imprimante 3D<\/strong><\/p>\n\n\n\n<p>Une option \u00e9conomique qui permet d&rsquo;avoir suffisamment de timbres pour un petit groupe d&rsquo;\u00e9l\u00e8ves.<\/p>\n\n\n\n<div class=\"wp-block-buttons is-layout-flex wp-block-buttons-is-layout-flex\">\n<div class=\"wp-block-button has-custom-width wp-block-button__width-100\"><a class=\"wp-block-button__link has-vivid-red-background-color has-background wp-element-button\" href=\"http:\/\/www.educ-montessori.com\/index.php\/2025\/08\/16\/diy-jai-teste-limpression-3d-pour-mes-ateliers-montessori\/\">DIY<\/a><\/div>\n<\/div>\n<\/div><\/div>\n\n\n\n<figure class=\"wp-block-image size-large\"><img loading=\"lazy\" decoding=\"async\" width=\"1024\" height=\"89\" src=\"http:\/\/www.educ-montessori.com\/wp-content\/uploads\/2025\/07\/ban2-1024x89.png\" alt=\"\" class=\"wp-image-1814\" srcset=\"https:\/\/www.educ-montessori.com\/wp-content\/uploads\/2025\/07\/ban2-1024x89.png 1024w, https:\/\/www.educ-montessori.com\/wp-content\/uploads\/2025\/07\/ban2-300x26.png 300w, https:\/\/www.educ-montessori.com\/wp-content\/uploads\/2025\/07\/ban2-768x67.png 768w, https:\/\/www.educ-montessori.com\/wp-content\/uploads\/2025\/07\/ban2.png 1039w\" sizes=\"auto, (max-width: 1024px) 100vw, 1024px\" \/><\/figure>\n","protected":false},"excerpt":{"rendered":"","protected":false},"author":2,"featured_media":0,"parent":0,"menu_order":0,"comment_status":"closed","ping_status":"closed","template":"","meta":{"_themeisle_gutenberg_block_has_review":false,"footnotes":""},"class_list":["post-2033","page","type-page","status-publish","hentry"],"_links":{"self":[{"href":"https:\/\/www.educ-montessori.com\/index.php\/wp-json\/wp\/v2\/pages\/2033","targetHints":{"allow":["GET"]}}],"collection":[{"href":"https:\/\/www.educ-montessori.com\/index.php\/wp-json\/wp\/v2\/pages"}],"about":[{"href":"https:\/\/www.educ-montessori.com\/index.php\/wp-json\/wp\/v2\/types\/page"}],"author":[{"embeddable":true,"href":"https:\/\/www.educ-montessori.com\/index.php\/wp-json\/wp\/v2\/users\/2"}],"replies":[{"embeddable":true,"href":"https:\/\/www.educ-montessori.com\/index.php\/wp-json\/wp\/v2\/comments?post=2033"}],"version-history":[{"count":6,"href":"https:\/\/www.educ-montessori.com\/index.php\/wp-json\/wp\/v2\/pages\/2033\/revisions"}],"predecessor-version":[{"id":2252,"href":"https:\/\/www.educ-montessori.com\/index.php\/wp-json\/wp\/v2\/pages\/2033\/revisions\/2252"}],"wp:attachment":[{"href":"https:\/\/www.educ-montessori.com\/index.php\/wp-json\/wp\/v2\/media?parent=2033"}],"curies":[{"name":"wp","href":"https:\/\/api.w.org\/{rel}","templated":true}]}}