{"id":1523,"date":"2025-07-06T19:20:02","date_gmt":"2025-07-06T17:20:02","guid":{"rendered":"https:\/\/www.educ-montessori.com\/?page_id=1523"},"modified":"2026-03-03T18:29:12","modified_gmt":"2026-03-03T17:29:12","slug":"serie-rose","status":"publish","type":"page","link":"https:\/\/www.educ-montessori.com\/index.php\/serie-rose\/","title":{"rendered":"S\u00e9rie rose"},"content":{"rendered":"\n<div class=\"wp-block-media-text is-stacked-on-mobile\" style=\"grid-template-columns:30% auto\"><figure class=\"wp-block-media-text__media\"><img loading=\"lazy\" decoding=\"async\" width=\"819\" height=\"1024\" src=\"http:\/\/www.educ-montessori.com\/wp-content\/uploads\/2025\/07\/1-819x1024.png\" alt=\"\" class=\"wp-image-1510 size-full\" srcset=\"https:\/\/www.educ-montessori.com\/wp-content\/uploads\/2025\/07\/1-819x1024.png 819w, https:\/\/www.educ-montessori.com\/wp-content\/uploads\/2025\/07\/1-240x300.png 240w, https:\/\/www.educ-montessori.com\/wp-content\/uploads\/2025\/07\/1-768x960.png 768w, https:\/\/www.educ-montessori.com\/wp-content\/uploads\/2025\/07\/1.png 1080w\" sizes=\"auto, (max-width: 819px) 100vw, 819px\" \/><\/figure><div class=\"wp-block-media-text__content\">\n<figure class=\"wp-block-image aligncenter size-large\"><img loading=\"lazy\" decoding=\"async\" width=\"1024\" height=\"254\" src=\"http:\/\/www.educ-montessori.com\/wp-content\/uploads\/2025\/07\/montessori-rose-ETIQUETTES-PROGRAMME-C-ALVAREZ-1024x254.gif\" alt=\"\" class=\"wp-image-1531\" srcset=\"https:\/\/www.educ-montessori.com\/wp-content\/uploads\/2025\/07\/montessori-rose-ETIQUETTES-PROGRAMME-C-ALVAREZ-1024x254.gif 1024w, https:\/\/www.educ-montessori.com\/wp-content\/uploads\/2025\/07\/montessori-rose-ETIQUETTES-PROGRAMME-C-ALVAREZ-300x74.gif 300w, https:\/\/www.educ-montessori.com\/wp-content\/uploads\/2025\/07\/montessori-rose-ETIQUETTES-PROGRAMME-C-ALVAREZ-768x190.gif 768w\" sizes=\"auto, (max-width: 1024px) 100vw, 1024px\" \/><\/figure>\n\n\n\n<p class=\"has-text-align-center has-pale-pink-color has-text-color has-link-color has-x-large-font-size wp-elements-8c76899c21971685f4cdf52c7456504e\"><strong>NIVEAU 1 : <\/strong>Sons simples avec alternance consonnes\/voyelles<\/p>\n<\/div><\/div>\n\n\n\n<hr class=\"wp-block-separator has-text-color has-pale-pink-color has-alpha-channel-opacity has-pale-pink-background-color has-background is-style-wide animated backInDown\" style=\"margin-top:var(--wp--preset--spacing--50);margin-bottom:var(--wp--preset--spacing--50)\"\/>\n\n\n\n<div class=\"wp-block-media-text is-stacked-on-mobile is-image-fill-element\" style=\"grid-template-columns:30% auto\"><figure class=\"wp-block-media-text__media\"><a href=\"https:\/\/ko-fi.com\/s\/6bffd1cd26\" target=\"_blank\" rel=\" noreferrer noopener\"><img loading=\"lazy\" decoding=\"async\" width=\"1024\" height=\"724\" src=\"http:\/\/www.educ-montessori.com\/wp-content\/uploads\/2024\/11\/DIAPORAMA-2-LES-CONSONNES-LONGUES_03-1024x724.jpg\" alt=\"\" class=\"wp-image-75 size-full\" style=\"object-position:50% 50%\" srcset=\"https:\/\/www.educ-montessori.com\/wp-content\/uploads\/2024\/11\/DIAPORAMA-2-LES-CONSONNES-LONGUES_03-1024x724.jpg 1024w, https:\/\/www.educ-montessori.com\/wp-content\/uploads\/2024\/11\/DIAPORAMA-2-LES-CONSONNES-LONGUES_03-300x212.jpg 300w, https:\/\/www.educ-montessori.com\/wp-content\/uploads\/2024\/11\/DIAPORAMA-2-LES-CONSONNES-LONGUES_03-768x543.jpg 768w, https:\/\/www.educ-montessori.com\/wp-content\/uploads\/2024\/11\/DIAPORAMA-2-LES-CONSONNES-LONGUES_03-1536x1086.jpg 1536w, https:\/\/www.educ-montessori.com\/wp-content\/uploads\/2024\/11\/DIAPORAMA-2-LES-CONSONNES-LONGUES_03-2048x1448.jpg 2048w\" sizes=\"auto, (max-width: 1024px) 100vw, 1024px\" \/><\/a><\/figure><div class=\"wp-block-media-text__content\">\n<p class=\"has-x-large-font-size\">Diaporamas de lecture<\/p>\n\n\n\n<p>Voyelles, consonnes courtes, consonnes longues, syllabes simples<\/p>\n\n\n\n<div class=\"wp-block-buttons is-content-justification-center is-layout-flex wp-container-core-buttons-is-layout-a89b3969 wp-block-buttons-is-layout-flex\">\n<div class=\"wp-block-button has-custom-width wp-block-button__width-50\"><a class=\"wp-block-button__link has-pale-pink-background-color has-background has-text-align-center wp-element-button\" href=\"https:\/\/ko-fi.com\/s\/6bffd1cd26\" target=\"_blank\" rel=\"noreferrer noopener\">pdf<\/a><\/div>\n<\/div>\n<\/div><\/div>\n\n\n\n<hr class=\"wp-block-separator has-text-color has-pale-pink-color has-alpha-channel-opacity has-pale-pink-background-color has-background is-style-wide\" style=\"margin-top:var(--wp--preset--spacing--70);margin-bottom:var(--wp--preset--spacing--70)\"\/>\n\n\n\n<div class=\"wp-block-media-text is-stacked-on-mobile\" style=\"grid-template-columns:30% auto\"><figure class=\"wp-block-media-text__media\"><a href=\"https:\/\/ko-fi.com\/s\/d304f66d8b\" target=\"_blank\" rel=\" noreferrer noopener\"><img loading=\"lazy\" decoding=\"async\" width=\"1024\" height=\"724\" src=\"https:\/\/www.educ-montessori.com\/wp-content\/uploads\/2025\/07\/DICTEES-BM-1024x724.jpg\" alt=\"\" class=\"wp-image-1603 size-full\" srcset=\"https:\/\/www.educ-montessori.com\/wp-content\/uploads\/2025\/07\/DICTEES-BM-1024x724.jpg 1024w, https:\/\/www.educ-montessori.com\/wp-content\/uploads\/2025\/07\/DICTEES-BM-300x212.jpg 300w, https:\/\/www.educ-montessori.com\/wp-content\/uploads\/2025\/07\/DICTEES-BM-768x543.jpg 768w, https:\/\/www.educ-montessori.com\/wp-content\/uploads\/2025\/07\/DICTEES-BM-1536x1086.jpg 1536w, https:\/\/www.educ-montessori.com\/wp-content\/uploads\/2025\/07\/DICTEES-BM.jpg 1754w\" sizes=\"auto, (max-width: 1024px) 100vw, 1024px\" \/><\/a><\/figure><div class=\"wp-block-media-text__content\">\n<p class=\"has-x-large-font-size\">Dict\u00e9es de syllabes gestes <br>Borel-Maisonny<\/p>\n\n\n\n<p>Niveau 1 : les syllabes avec consonnes longues<\/p>\n\n\n\n<p>Niveau 2 : les syllabes avec consonnes courtes<\/p>\n\n\n\n<div class=\"wp-block-buttons is-content-justification-center is-layout-flex wp-container-core-buttons-is-layout-a89b3969 wp-block-buttons-is-layout-flex\">\n<div class=\"wp-block-button has-custom-width wp-block-button__width-50\"><a class=\"wp-block-button__link has-pale-pink-background-color has-background wp-element-button\" href=\"https:\/\/ko-fi.com\/s\/d304f66d8b\" target=\"_blank\" rel=\"noreferrer noopener\">pdf<\/a><\/div>\n<\/div>\n<\/div><\/div>\n\n\n\n<hr class=\"wp-block-separator has-text-color has-pale-pink-color has-alpha-channel-opacity has-pale-pink-background-color has-background is-style-wide\" style=\"margin-top:var(--wp--preset--spacing--60);margin-bottom:var(--wp--preset--spacing--60)\"\/>\n\n\n\n<div class=\"wp-block-media-text is-stacked-on-mobile is-image-fill-element\" style=\"grid-template-columns:30% auto\"><figure class=\"wp-block-media-text__media\"><a href=\"https:\/\/les-maternelles.fr\/article-long\/livre-lecture-rose.php\" target=\"_blank\" rel=\" noreferrer noopener\"><img loading=\"lazy\" decoding=\"async\" width=\"576\" height=\"1024\" src=\"https:\/\/www.educ-montessori.com\/wp-content\/uploads\/2025\/07\/20230826_133605-576x1024.jpg\" alt=\"\" class=\"wp-image-1526 size-full\" style=\"object-position:46% 3%\" srcset=\"https:\/\/www.educ-montessori.com\/wp-content\/uploads\/2025\/07\/20230826_133605-576x1024.jpg 576w, https:\/\/www.educ-montessori.com\/wp-content\/uploads\/2025\/07\/20230826_133605-169x300.jpg 169w, https:\/\/www.educ-montessori.com\/wp-content\/uploads\/2025\/07\/20230826_133605-768x1365.jpg 768w, https:\/\/www.educ-montessori.com\/wp-content\/uploads\/2025\/07\/20230826_133605-864x1536.jpg 864w, https:\/\/www.educ-montessori.com\/wp-content\/uploads\/2025\/07\/20230826_133605-1152x2048.jpg 1152w, https:\/\/www.educ-montessori.com\/wp-content\/uploads\/2025\/07\/20230826_133605-scaled.jpg 1440w\" sizes=\"auto, (max-width: 576px) 100vw, 576px\" \/><\/a><\/figure><div class=\"wp-block-media-text__content\">\n<p class=\"has-x-large-font-size\">Livrets de lecture<\/p>\n\n\n\n<p>J&rsquo;utilise les livrets de lecture avec caches <em>(\u00e0 fabriquer)<\/em> de maitresse Nouri :<\/p>\n\n\n\n<div class=\"wp-block-buttons is-content-justification-center is-layout-flex wp-container-core-buttons-is-layout-a89b3969 wp-block-buttons-is-layout-flex\">\n<div class=\"wp-block-button has-custom-width wp-block-button__width-50\"><a class=\"wp-block-button__link has-pale-pink-background-color has-background wp-element-button\" href=\"https:\/\/les-maternelles.fr\/article-long\/livre-lecture-rose.php\" target=\"_blank\" rel=\"noreferrer noopener\">blog<\/a><\/div>\n<\/div>\n\n\n\n<p>Si vous avez besoin d&rsquo;aide pour <strong>r\u00e9aliser les livrets de lecture<\/strong>, c&rsquo;est <a href=\"http:\/\/www.educ-montessori.com\/index.php\/2024\/12\/05\/comment-fabriquer-les-livrets-de-lecture-montessori\/\" target=\"_blank\" rel=\"noreferrer noopener\"><strong>ici.<\/strong><\/a><\/p>\n<\/div><\/div>\n\n\n\n<hr class=\"wp-block-separator has-text-color has-pale-pink-color has-alpha-channel-opacity has-pale-pink-background-color has-background is-style-wide\" style=\"margin-top:var(--wp--preset--spacing--70);margin-bottom:var(--wp--preset--spacing--70)\"\/>\n\n\n\n<div class=\"wp-block-media-text is-stacked-on-mobile\" style=\"grid-template-columns:30% auto\"><figure class=\"wp-block-media-text__media\"><img loading=\"lazy\" decoding=\"async\" width=\"1024\" height=\"1024\" src=\"http:\/\/www.educ-montessori.com\/wp-content\/uploads\/2025\/08\/Arts2-1024x1024.png\" alt=\"\" class=\"wp-image-2110 size-full\" srcset=\"https:\/\/www.educ-montessori.com\/wp-content\/uploads\/2025\/08\/Arts2-1024x1024.png 1024w, https:\/\/www.educ-montessori.com\/wp-content\/uploads\/2025\/08\/Arts2-300x300.png 300w, https:\/\/www.educ-montessori.com\/wp-content\/uploads\/2025\/08\/Arts2-150x150.png 150w, https:\/\/www.educ-montessori.com\/wp-content\/uploads\/2025\/08\/Arts2-768x768.png 768w, https:\/\/www.educ-montessori.com\/wp-content\/uploads\/2025\/08\/Arts2.png 1080w\" sizes=\"auto, (max-width: 1024px) 100vw, 1024px\" \/><\/figure><div class=\"wp-block-media-text__content\">\n<p class=\"has-x-large-font-size\">Lettres mobiles<\/p>\n\n\n\n<p>Un incontournable de la p\u00e9dagogie Montessori ! Retrouvez mon article sur les lettres que j&rsquo;utilise dans ma classe ici :<\/p>\n\n\n\n<div class=\"wp-block-buttons is-content-justification-center is-layout-flex wp-container-core-buttons-is-layout-a89b3969 wp-block-buttons-is-layout-flex\">\n<div class=\"wp-block-button has-custom-width wp-block-button__width-50\"><a class=\"wp-block-button__link has-pale-pink-background-color has-background wp-element-button\" href=\"http:\/\/www.educ-montessori.com\/index.php\/2025\/08\/18\/mes-lettres-mobiles\/\">Lire<\/a><\/div>\n<\/div>\n\n\n\n<p><\/p>\n<\/div><\/div>\n\n\n\n<hr class=\"wp-block-separator has-text-color has-pale-pink-color has-alpha-channel-opacity has-pale-pink-background-color has-background is-style-wide\"\/>\n\n\n\n<div class=\"wp-block-media-text is-stacked-on-mobile is-image-fill-element\" style=\"grid-template-columns:30% auto\"><figure class=\"wp-block-media-text__media\"><img loading=\"lazy\" decoding=\"async\" width=\"452\" height=\"541\" src=\"http:\/\/www.educ-montessori.com\/wp-content\/uploads\/2024\/12\/TEST-DE-LECTURE-serie-rose-educ-montessori-script2.gif\" alt=\"\" class=\"wp-image-963 size-full\" style=\"object-position:54% 0%\"\/><\/figure><div class=\"wp-block-media-text__content\">\n<p class=\"has-x-large-font-size\">Test de lecture<\/p>\n\n\n\n<p>Ce petit <strong>test de lecture <\/strong>va me permettre de valider tr\u00e8s rapidement le travail de d\u00e9codage r\u00e9alis\u00e9 en autonomie autour de la s\u00e9rie rose Montessori.<\/p>\n\n\n\n<div class=\"wp-block-buttons is-layout-flex wp-block-buttons-is-layout-flex\">\n<div class=\"wp-block-button has-custom-width wp-block-button__width-50\"><a class=\"wp-block-button__link has-pale-pink-background-color has-background wp-element-button\" href=\"https:\/\/www.educ-montessori.com\/wp-content\/uploads\/2025\/07\/TEST-DE-LECTURE-serie-rose-educ-montessori-eco.pdf\" target=\"_blank\" rel=\"noreferrer noopener\">\u00e9co<\/a><\/div>\n\n\n\n<div class=\"wp-block-button has-custom-width wp-block-button__width-50\"><a class=\"wp-block-button__link has-pale-pink-background-color has-background wp-element-button\" href=\"https:\/\/www.educ-montessori.com\/wp-content\/uploads\/2025\/07\/TEST-DE-LECTURE-serie-rose-educ-montessori-couleur.pdf\" target=\"_blank\" rel=\"noreferrer noopener\">rose<\/a><\/div>\n<\/div>\n<\/div><\/div>\n\n\n\n<hr class=\"wp-block-separator has-text-color has-pale-pink-color has-alpha-channel-opacity has-pale-pink-background-color has-background is-style-wide\" style=\"margin-top:var(--wp--preset--spacing--70);margin-bottom:var(--wp--preset--spacing--70)\"\/>\n\n\n\n<div class=\"wp-block-media-text is-stacked-on-mobile\" style=\"grid-template-columns:30% auto\"><figure class=\"wp-block-media-text__media\"><a href=\"https:\/\/ko-fi.com\/s\/8d0ee144d8\" target=\"_blank\" rel=\" noreferrer noopener\"><img loading=\"lazy\" decoding=\"async\" width=\"1024\" height=\"724\" src=\"http:\/\/www.educ-montessori.com\/wp-content\/uploads\/2024\/12\/DICTEES-MUETTES-serie-rose_01-1024x724.jpg\" alt=\"\" class=\"wp-image-910 size-full\" srcset=\"https:\/\/www.educ-montessori.com\/wp-content\/uploads\/2024\/12\/DICTEES-MUETTES-serie-rose_01-1024x724.jpg 1024w, https:\/\/www.educ-montessori.com\/wp-content\/uploads\/2024\/12\/DICTEES-MUETTES-serie-rose_01-300x212.jpg 300w, https:\/\/www.educ-montessori.com\/wp-content\/uploads\/2024\/12\/DICTEES-MUETTES-serie-rose_01-768x543.jpg 768w, https:\/\/www.educ-montessori.com\/wp-content\/uploads\/2024\/12\/DICTEES-MUETTES-serie-rose_01-1536x1086.jpg 1536w, https:\/\/www.educ-montessori.com\/wp-content\/uploads\/2024\/12\/DICTEES-MUETTES-serie-rose_01-2048x1448.jpg 2048w\" sizes=\"auto, (max-width: 1024px) 100vw, 1024px\" \/><\/a><\/figure><div class=\"wp-block-media-text__content\">\n<p class=\"has-x-large-font-size\">Dict\u00e9es muettes CP<\/p>\n\n\n\n<p>Bandes \u00ab\u00a0dict\u00e9es muettes\u00a0\u00bb  (6 mots) pour cahier A5 avec les mots de la s\u00e9rie rose et la correction que je d\u00e9coupe et relie fa\u00e7on \u00ab\u00a0porte-cl\u00e9\u00a0\u00bb<\/p>\n\n\n\n<div class=\"wp-block-buttons is-content-justification-center is-layout-flex wp-container-core-buttons-is-layout-a89b3969 wp-block-buttons-is-layout-flex\">\n<div class=\"wp-block-button has-custom-width wp-block-button__width-50\"><a class=\"wp-block-button__link has-pale-pink-background-color has-background wp-element-button\" href=\"https:\/\/ko-fi.com\/s\/8d0ee144d8\" target=\"_blank\" rel=\"noreferrer noopener\">pdf<\/a><\/div>\n<\/div>\n<\/div><\/div>\n\n\n\n<hr class=\"wp-block-separator has-text-color has-pale-pink-color has-alpha-channel-opacity has-pale-pink-background-color has-background is-style-wide\" style=\"margin-top:var(--wp--preset--spacing--60);margin-bottom:var(--wp--preset--spacing--60)\"\/>\n\n\n\n<div class=\"wp-block-media-text is-stacked-on-mobile is-image-fill-element\" style=\"grid-template-columns:30% auto\"><figure class=\"wp-block-media-text__media\"><img loading=\"lazy\" decoding=\"async\" width=\"724\" height=\"1024\" src=\"http:\/\/www.educ-montessori.com\/wp-content\/uploads\/2025\/09\/1-724x1024.jpg\" alt=\"\" class=\"wp-image-2373 size-full\" style=\"object-position:52% 3%\" srcset=\"https:\/\/www.educ-montessori.com\/wp-content\/uploads\/2025\/09\/1-724x1024.jpg 724w, https:\/\/www.educ-montessori.com\/wp-content\/uploads\/2025\/09\/1-212x300.jpg 212w, https:\/\/www.educ-montessori.com\/wp-content\/uploads\/2025\/09\/1-768x1086.jpg 768w, https:\/\/www.educ-montessori.com\/wp-content\/uploads\/2025\/09\/1-1086x1536.jpg 1086w, https:\/\/www.educ-montessori.com\/wp-content\/uploads\/2025\/09\/1.jpg 1414w\" sizes=\"auto, (max-width: 724px) 100vw, 724px\" \/><\/figure><div class=\"wp-block-media-text__content\">\n<h2 class=\"wp-block-heading\" style=\"font-size:40px\">Dict\u00e9es CE1<\/h2>\n\n\n\n<p>Dict\u00e9es muettes CE1  (16 mots) pour cahier A5 avec les mots de la s\u00e9rie rose et la correction que je relie fa\u00e7on \u00ab\u00a0\u00e9ventail\u00a0\u00bb avec une attache parisienne.<br><br>3 niveaux de difficult\u00e9. <\/p>\n\n\n\n<div class=\"wp-block-buttons is-content-justification-center is-layout-flex wp-container-core-buttons-is-layout-a89b3969 wp-block-buttons-is-layout-flex\">\n<div class=\"wp-block-button has-custom-width wp-block-button__width-50\"><a class=\"wp-block-button__link has-pale-pink-background-color has-background wp-element-button\" href=\"https:\/\/ko-fi.com\/s\/6440355147\">pdf<\/a><\/div>\n<\/div>\n<\/div><\/div>\n\n\n\n<hr class=\"wp-block-separator has-text-color has-pale-pink-color has-alpha-channel-opacity has-pale-pink-background-color has-background is-style-wide\" style=\"margin-top:var(--wp--preset--spacing--60);margin-bottom:var(--wp--preset--spacing--60)\"\/>\n\n\n\n<div class=\"wp-block-media-text is-stacked-on-mobile is-image-fill-element\" style=\"grid-template-columns:30% auto\"><figure class=\"wp-block-media-text__media\"><a href=\"https:\/\/www.educ-montessori.com\/wp-content\/uploads\/2025\/07\/NOM-DETERMINANT-SERIE-ROSE-educ-montessori.pdf\" target=\"_blank\" rel=\" noreferrer noopener\"><img loading=\"lazy\" decoding=\"async\" width=\"724\" height=\"1024\" src=\"http:\/\/www.educ-montessori.com\/wp-content\/uploads\/2025\/04\/grammaire-ND-SR-724x1024.jpg\" alt=\"\" class=\"wp-image-1406 size-full\" style=\"object-position:45% 0%\" srcset=\"https:\/\/www.educ-montessori.com\/wp-content\/uploads\/2025\/04\/grammaire-ND-SR-724x1024.jpg 724w, https:\/\/www.educ-montessori.com\/wp-content\/uploads\/2025\/04\/grammaire-ND-SR-212x300.jpg 212w, https:\/\/www.educ-montessori.com\/wp-content\/uploads\/2025\/04\/grammaire-ND-SR-768x1086.jpg 768w, https:\/\/www.educ-montessori.com\/wp-content\/uploads\/2025\/04\/grammaire-ND-SR-1086x1536.jpg 1086w, https:\/\/www.educ-montessori.com\/wp-content\/uploads\/2025\/04\/grammaire-ND-SR.jpg 1240w\" sizes=\"auto, (max-width: 724px) 100vw, 724px\" \/><\/a><\/figure><div class=\"wp-block-media-text__content\">\n<p class=\"has-x-large-font-size\">Grammaire<\/p>\n\n\n\n<p>Avec les mots de la s\u00e9rie Rose, l\u2019enfant doit associer le mot \u00e0 l\u2019image correspondante et choisir le bon <strong>d\u00e9terminant entre <em>un<\/em> ou <em>une<\/em><\/strong>.<\/p>\n\n\n\n<div class=\"wp-block-buttons is-content-justification-center is-layout-flex wp-container-core-buttons-is-layout-a89b3969 wp-block-buttons-is-layout-flex\">\n<div class=\"wp-block-button has-custom-width wp-block-button__width-50\"><a class=\"wp-block-button__link has-pale-pink-background-color has-background wp-element-button\" href=\"https:\/\/www.educ-montessori.com\/wp-content\/uploads\/2025\/07\/NOM-DETERMINANT-SERIE-ROSE-educ-montessori.pdf\" target=\"_blank\" rel=\"noreferrer noopener\">pdf<\/a><\/div>\n<\/div>\n<\/div><\/div>\n\n\n\n<hr class=\"wp-block-separator has-text-color has-pale-pink-color has-alpha-channel-opacity has-pale-pink-background-color has-background is-style-wide\" style=\"margin-top:var(--wp--preset--spacing--60);margin-bottom:var(--wp--preset--spacing--60)\"\/>\n\n\n\n<div class=\"wp-block-media-text is-stacked-on-mobile is-image-fill-element\" style=\"border-style:none;border-width:0px;grid-template-columns:30% auto\"><figure class=\"wp-block-media-text__media\"><a href=\"https:\/\/www.educ-montessori.com\/wp-content\/uploads\/2025\/07\/JAQUETTE-GRAMMAIRENOM-DETERMINANT-SERIE-ROSE.pdf\" target=\"_blank\" rel=\" noreferrer noopener\"><img loading=\"lazy\" decoding=\"async\" width=\"806\" height=\"1024\" src=\"https:\/\/www.educ-montessori.com\/wp-content\/uploads\/2025\/07\/jaquette-N-D-serie-rose-copy-806x1024.jpg\" alt=\"\" class=\"wp-image-1780 size-full\" style=\"object-position:50% 98%\" srcset=\"https:\/\/www.educ-montessori.com\/wp-content\/uploads\/2025\/07\/jaquette-N-D-serie-rose-copy-806x1024.jpg 806w, https:\/\/www.educ-montessori.com\/wp-content\/uploads\/2025\/07\/jaquette-N-D-serie-rose-copy-236x300.jpg 236w, https:\/\/www.educ-montessori.com\/wp-content\/uploads\/2025\/07\/jaquette-N-D-serie-rose-copy-768x976.jpg 768w, https:\/\/www.educ-montessori.com\/wp-content\/uploads\/2025\/07\/jaquette-N-D-serie-rose-copy.jpg 893w\" sizes=\"auto, (max-width: 806px) 100vw, 806px\" \/><\/a><\/figure><div class=\"wp-block-media-text__content\">\n<p class=\"has-x-large-font-size\">Grammaire<\/p>\n\n\n\n<p><strong>Jaquette<\/strong> pour bo\u00eete VHS : s\u00e9rie Rose, choisir le bon <strong>d\u00e9terminant entre <em>un<\/em> ou <em>une<\/em><\/strong>.<\/p>\n\n\n\n<div class=\"wp-block-buttons is-content-justification-center is-layout-flex wp-container-core-buttons-is-layout-a89b3969 wp-block-buttons-is-layout-flex\">\n<div class=\"wp-block-button has-custom-width wp-block-button__width-50 is-style-fill\"><a class=\"wp-block-button__link has-pale-pink-background-color has-background wp-element-button\">&#8230;<\/a><\/div>\n<\/div>\n<\/div><\/div>\n\n\n\n<p><\/p>\n\n\n\n<figure class=\"wp-block-image aligncenter size-large is-resized\"><a href=\"https:\/\/www.educ-montessori.com\/index.php\/lecture-dinspiration-montessori\/\"><img loading=\"lazy\" decoding=\"async\" width=\"1024\" height=\"254\" src=\"https:\/\/www.educ-montessori.com\/wp-content\/uploads\/2025\/07\/montessori-rose-ETIQUETTES-PROGRAMME-C-ALVAREZ-1024x254.gif\" alt=\"\" class=\"wp-image-1531\" style=\"width:712px;height:auto\" srcset=\"https:\/\/www.educ-montessori.com\/wp-content\/uploads\/2025\/07\/montessori-rose-ETIQUETTES-PROGRAMME-C-ALVAREZ-1024x254.gif 1024w, https:\/\/www.educ-montessori.com\/wp-content\/uploads\/2025\/07\/montessori-rose-ETIQUETTES-PROGRAMME-C-ALVAREZ-300x74.gif 300w, https:\/\/www.educ-montessori.com\/wp-content\/uploads\/2025\/07\/montessori-rose-ETIQUETTES-PROGRAMME-C-ALVAREZ-768x190.gif 768w\" sizes=\"auto, (max-width: 1024px) 100vw, 1024px\" \/><\/a><\/figure>\n\n\n\n<hr class=\"wp-block-separator has-text-color has-pale-pink-color has-alpha-channel-opacity has-pale-pink-background-color has-background is-style-wide\" style=\"margin-top:var(--wp--preset--spacing--70);margin-bottom:var(--wp--preset--spacing--70)\"\/>\n\n\n\n<div class=\"wp-block-file\"><a id=\"wp-block-file--media-2c962b7b-f605-43bc-83b8-8a5f78516293\" href=\"https:\/\/www.educ-montessori.com\/wp-content\/uploads\/2025\/07\/TEST-DE-LECTURE-serie-rose-educ-montessori-couleur.pdf\">TEST-DE-LECTURE-serie-rose-educ-montessori-couleur<\/a><\/div>\n\n\n\n<div class=\"wp-block-file\"><a id=\"wp-block-file--media-520adecb-078c-498c-b90a-4edd5e3c1459\" href=\"https:\/\/www.educ-montessori.com\/wp-content\/uploads\/2025\/07\/TEST-DE-LECTURE-serie-rose-educ-montessori-eco.pdf\">TEST-DE-LECTURE-serie-rose-educ-montessori-eco<\/a><\/div>\n\n\n\n<div class=\"wp-block-file\"><a id=\"wp-block-file--media-41b0115b-242b-43a8-aba6-875640d4f8b8\" href=\"https:\/\/www.educ-montessori.com\/wp-content\/uploads\/2025\/07\/NOM-DETERMINANT-SERIE-ROSE-educ-montessori.pdf\">NOM DETERMINANT SERIE ROSE educ-montessori<\/a><\/div>\n\n\n\n<p><\/p>\n","protected":false},"excerpt":{"rendered":"","protected":false},"author":2,"featured_media":0,"parent":0,"menu_order":0,"comment_status":"closed","ping_status":"closed","template":"","meta":{"_themeisle_gutenberg_block_has_review":false,"footnotes":""},"class_list":["post-1523","page","type-page","status-publish","hentry"],"_links":{"self":[{"href":"https:\/\/www.educ-montessori.com\/index.php\/wp-json\/wp\/v2\/pages\/1523","targetHints":{"allow":["GET"]}}],"collection":[{"href":"https:\/\/www.educ-montessori.com\/index.php\/wp-json\/wp\/v2\/pages"}],"about":[{"href":"https:\/\/www.educ-montessori.com\/index.php\/wp-json\/wp\/v2\/types\/page"}],"author":[{"embeddable":true,"href":"https:\/\/www.educ-montessori.com\/index.php\/wp-json\/wp\/v2\/users\/2"}],"replies":[{"embeddable":true,"href":"https:\/\/www.educ-montessori.com\/index.php\/wp-json\/wp\/v2\/comments?post=1523"}],"version-history":[{"count":38,"href":"https:\/\/www.educ-montessori.com\/index.php\/wp-json\/wp\/v2\/pages\/1523\/revisions"}],"predecessor-version":[{"id":2540,"href":"https:\/\/www.educ-montessori.com\/index.php\/wp-json\/wp\/v2\/pages\/1523\/revisions\/2540"}],"wp:attachment":[{"href":"https:\/\/www.educ-montessori.com\/index.php\/wp-json\/wp\/v2\/media?parent=1523"}],"curies":[{"name":"wp","href":"https:\/\/api.w.org\/{rel}","templated":true}]}}