{"id":148,"date":"2024-11-20T09:43:51","date_gmt":"2024-11-20T08:43:51","guid":{"rendered":"https:\/\/www.educ-montessori.com\/?page_id=148"},"modified":"2025-04-13T18:41:45","modified_gmt":"2025-04-13T16:41:45","slug":"blog","status":"publish","type":"page","link":"https:\/\/www.educ-montessori.com\/index.php\/blog\/","title":{"rendered":"L&rsquo;apprentissage de l&rsquo;autonomie"},"content":{"rendered":"\n<figure class=\"wp-block-image size-large\"><a href=\"blog\"><img loading=\"lazy\" decoding=\"async\" width=\"1024\" height=\"181\" src=\"http:\/\/www.educ-montessori.com\/wp-content\/uploads\/2024\/11\/banniere-site-2-1024x181.jpg\" alt=\"\" class=\"wp-image-198\" srcset=\"https:\/\/www.educ-montessori.com\/wp-content\/uploads\/2024\/11\/banniere-site-2-1024x181.jpg 1024w, https:\/\/www.educ-montessori.com\/wp-content\/uploads\/2024\/11\/banniere-site-2-300x53.jpg 300w, https:\/\/www.educ-montessori.com\/wp-content\/uploads\/2024\/11\/banniere-site-2-768x135.jpg 768w, https:\/\/www.educ-montessori.com\/wp-content\/uploads\/2024\/11\/banniere-site-2.jpg 1100w\" sizes=\"auto, (max-width: 1024px) 100vw, 1024px\" \/><\/a><\/figure>\n\n\n\n<h2 class=\"wp-block-heading\">Les fonctions ex\u00e9cutives<\/h2>\n\n\n\n<div class=\"wp-block-media-text is-stacked-on-mobile\"><figure class=\"wp-block-media-text__media\"><img loading=\"lazy\" decoding=\"async\" width=\"184\" height=\"218\" src=\"http:\/\/www.educ-montessori.com\/wp-content\/uploads\/2024\/11\/fonctions-executives-1.png\" alt=\"\" class=\"wp-image-146 size-full\"\/><\/figure><div class=\"wp-block-media-text__content\">\n<h2 class=\"wp-block-heading\">Qu&rsquo;est-ce que les fonctions ex\u00e9cutives ?<\/h2>\n\n\n\n<p>Les fonctions ex\u00e9cutives sont des comp\u00e9tences mentales essentielles qui nous aident \u00e0 planifier, \u00e0 rester concentr\u00e9s, \u00e0 contr\u00f4ler nos impulsions et \u00e0 nous adapter \u00e0 des situations nouvelles&#8230;<\/p>\n\n\n\n<div class=\"wp-block-buttons is-layout-flex wp-block-buttons-is-layout-flex\">\n<div class=\"wp-block-button has-custom-width wp-block-button__width-100\"><a class=\"wp-block-button__link wp-element-button\" href=\"https:\/\/www.educ-montessori.com\/index.php\/2022\/09\/01\/les-fonctions-executives\/\">Lire la suite&#8230;<\/a><\/div>\n<\/div>\n<\/div><\/div>\n\n\n\n<figure class=\"wp-block-image size-large\"><a href=\"https:\/\/www.educ-montessori.com\/index.php\/blog-2\/\"><img loading=\"lazy\" decoding=\"async\" width=\"1024\" height=\"181\" src=\"http:\/\/www.educ-montessori.com\/wp-content\/uploads\/2024\/11\/banniere-site-2-1024x181.jpg\" alt=\"\" class=\"wp-image-198\" srcset=\"https:\/\/www.educ-montessori.com\/wp-content\/uploads\/2024\/11\/banniere-site-2-1024x181.jpg 1024w, https:\/\/www.educ-montessori.com\/wp-content\/uploads\/2024\/11\/banniere-site-2-300x53.jpg 300w, https:\/\/www.educ-montessori.com\/wp-content\/uploads\/2024\/11\/banniere-site-2-768x135.jpg 768w, https:\/\/www.educ-montessori.com\/wp-content\/uploads\/2024\/11\/banniere-site-2.jpg 1100w\" sizes=\"auto, (max-width: 1024px) 100vw, 1024px\" \/><\/a><\/figure>\n\n\n\n<h2 class=\"wp-block-heading\">Les fonctions ex\u00e9cutives (partie 2)<\/h2>\n\n\n\n<div class=\"wp-block-media-text is-stacked-on-mobile\"><figure class=\"wp-block-media-text__media\"><img loading=\"lazy\" decoding=\"async\" width=\"300\" height=\"209\" src=\"http:\/\/www.educ-montessori.com\/wp-content\/uploads\/2024\/11\/jeuxdc-300x209.png\" alt=\"\" class=\"wp-image-305 size-medium\" srcset=\"https:\/\/www.educ-montessori.com\/wp-content\/uploads\/2024\/11\/jeuxdc-300x209.png 300w, https:\/\/www.educ-montessori.com\/wp-content\/uploads\/2024\/11\/jeuxdc.png 612w\" sizes=\"auto, (max-width: 300px) 100vw, 300px\" \/><\/figure><div class=\"wp-block-media-text__content\">\n<p class=\"has-large-font-size\"><strong>Ateliers Autonomes<br>pour d\u00e9velopper<br>le contr\u00f4le inhibiteur :<br>Les jeux de construction<\/strong><\/p>\n\n\n\n<p>Les jeux de construction sont un excellent moyen de travailler le contr\u00f4le inhibiteur, car ils n\u00e9cessitent de la planification&#8230;<\/p>\n\n\n\n<div class=\"wp-block-buttons is-layout-flex wp-block-buttons-is-layout-flex\">\n<div class=\"wp-block-button has-custom-width wp-block-button__width-100\"><a class=\"wp-block-button__link wp-element-button\" href=\"http:\/\/www.educ-montessori.com\/index.php\/2024\/11\/21\/les-fonctions-executives-partie-2\/\">Lire la suite&#8230;<\/a><\/div>\n<\/div>\n<\/div><\/div>\n\n\n\n<figure class=\"wp-block-image size-large\"><a href=\"blog\"><img loading=\"lazy\" decoding=\"async\" width=\"1024\" height=\"181\" src=\"http:\/\/www.educ-montessori.com\/wp-content\/uploads\/2024\/11\/banniere-site-2-1024x181.jpg\" alt=\"\" class=\"wp-image-198\" srcset=\"https:\/\/www.educ-montessori.com\/wp-content\/uploads\/2024\/11\/banniere-site-2-1024x181.jpg 1024w, https:\/\/www.educ-montessori.com\/wp-content\/uploads\/2024\/11\/banniere-site-2-300x53.jpg 300w, https:\/\/www.educ-montessori.com\/wp-content\/uploads\/2024\/11\/banniere-site-2-768x135.jpg 768w, https:\/\/www.educ-montessori.com\/wp-content\/uploads\/2024\/11\/banniere-site-2.jpg 1100w\" sizes=\"auto, (max-width: 1024px) 100vw, 1024px\" \/><\/a><\/figure>\n\n\n\n<h2 class=\"wp-block-heading\">Les fonctions ex\u00e9cutives (partie 3)<\/h2>\n\n\n\n<div class=\"wp-block-media-text is-stacked-on-mobile is-image-fill-element\"><figure class=\"wp-block-media-text__media\"><img loading=\"lazy\" decoding=\"async\" width=\"910\" height=\"1024\" src=\"https:\/\/www.educ-montessori.com\/wp-content\/uploads\/2024\/12\/barres-1-910x1024.jpg\" alt=\"\" class=\"wp-image-841 size-full\" style=\"object-position:50% 50%\" srcset=\"https:\/\/www.educ-montessori.com\/wp-content\/uploads\/2024\/12\/barres-1-910x1024.jpg 910w, https:\/\/www.educ-montessori.com\/wp-content\/uploads\/2024\/12\/barres-1-267x300.jpg 267w, https:\/\/www.educ-montessori.com\/wp-content\/uploads\/2024\/12\/barres-1-768x864.jpg 768w, https:\/\/www.educ-montessori.com\/wp-content\/uploads\/2024\/12\/barres-1.jpg 1000w\" sizes=\"auto, (max-width: 910px) 100vw, 910px\" \/><\/figure><div class=\"wp-block-media-text__content\">\n<h2 class=\"wp-block-heading has-large-font-size\"><strong>Atelier Montessori pour d\u00e9velopper la flexibilit\u00e9 cognitive : Les barres rouges et bleues<\/strong><\/h2>\n\n\n\n<p>Les barres rouges et bleues sont un mat\u00e9riel Montessori qui consiste en dix barres de bois, segment\u00e9es en sections rouges et bleues. Chaque barre repr\u00e9sente un chiffre de 1 \u00e0 10&#8230;<\/p>\n\n\n\n<div class=\"wp-block-buttons is-layout-flex wp-block-buttons-is-layout-flex\">\n<div class=\"wp-block-button has-custom-width wp-block-button__width-100\"><a class=\"wp-block-button__link wp-element-button\" href=\"https:\/\/www.educ-montessori.com\/index.php\/2024\/12\/04\/les-fonctions-executives-partie-3\/\">Lire la suite&#8230;<\/a><\/div>\n<\/div>\n<\/div><\/div>\n\n\n\n<figure class=\"wp-block-image size-large\"><a href=\"blog\"><img loading=\"lazy\" decoding=\"async\" width=\"1024\" height=\"181\" src=\"http:\/\/www.educ-montessori.com\/wp-content\/uploads\/2024\/11\/banniere-site-2-1024x181.jpg\" alt=\"\" class=\"wp-image-198\" srcset=\"https:\/\/www.educ-montessori.com\/wp-content\/uploads\/2024\/11\/banniere-site-2-1024x181.jpg 1024w, https:\/\/www.educ-montessori.com\/wp-content\/uploads\/2024\/11\/banniere-site-2-300x53.jpg 300w, https:\/\/www.educ-montessori.com\/wp-content\/uploads\/2024\/11\/banniere-site-2-768x135.jpg 768w, https:\/\/www.educ-montessori.com\/wp-content\/uploads\/2024\/11\/banniere-site-2.jpg 1100w\" sizes=\"auto, (max-width: 1024px) 100vw, 1024px\" \/><\/a><\/figure>\n\n\n\n<p><\/p>\n","protected":false},"excerpt":{"rendered":"<p>Les fonctions ex\u00e9cutives Les fonctions ex\u00e9cutives (partie 2) Les fonctions ex\u00e9cutives (partie 3)<\/p>\n","protected":false},"author":2,"featured_media":0,"parent":0,"menu_order":0,"comment_status":"closed","ping_status":"closed","template":"","meta":{"_themeisle_gutenberg_block_has_review":false,"footnotes":""},"class_list":["post-148","page","type-page","status-publish","hentry"],"_links":{"self":[{"href":"https:\/\/www.educ-montessori.com\/index.php\/wp-json\/wp\/v2\/pages\/148","targetHints":{"allow":["GET"]}}],"collection":[{"href":"https:\/\/www.educ-montessori.com\/index.php\/wp-json\/wp\/v2\/pages"}],"about":[{"href":"https:\/\/www.educ-montessori.com\/index.php\/wp-json\/wp\/v2\/types\/page"}],"author":[{"embeddable":true,"href":"https:\/\/www.educ-montessori.com\/index.php\/wp-json\/wp\/v2\/users\/2"}],"replies":[{"embeddable":true,"href":"https:\/\/www.educ-montessori.com\/index.php\/wp-json\/wp\/v2\/comments?post=148"}],"version-history":[{"count":16,"href":"https:\/\/www.educ-montessori.com\/index.php\/wp-json\/wp\/v2\/pages\/148\/revisions"}],"predecessor-version":[{"id":1466,"href":"https:\/\/www.educ-montessori.com\/index.php\/wp-json\/wp\/v2\/pages\/148\/revisions\/1466"}],"wp:attachment":[{"href":"https:\/\/www.educ-montessori.com\/index.php\/wp-json\/wp\/v2\/media?parent=148"}],"curies":[{"name":"wp","href":"https:\/\/api.w.org\/{rel}","templated":true}]}}