{"id":1432,"date":"2025-04-13T16:13:16","date_gmt":"2025-04-13T14:13:16","guid":{"rendered":"https:\/\/www.educ-montessori.com\/?page_id=1432"},"modified":"2025-04-13T18:39:38","modified_gmt":"2025-04-13T16:39:38","slug":"mes-lectures","status":"publish","type":"page","link":"https:\/\/www.educ-montessori.com\/index.php\/mes-lectures\/","title":{"rendered":"Mes lectures"},"content":{"rendered":"\n<figure class=\"wp-block-image size-large\"><a href=\"https:\/\/www.educ-montessori.com\/index.php\/blog-2\/\"><img loading=\"lazy\" decoding=\"async\" width=\"1024\" height=\"181\" src=\"http:\/\/www.educ-montessori.com\/wp-content\/uploads\/2024\/11\/banniere-site-2-1024x181.jpg\" alt=\"\" class=\"wp-image-198\" srcset=\"https:\/\/www.educ-montessori.com\/wp-content\/uploads\/2024\/11\/banniere-site-2-1024x181.jpg 1024w, https:\/\/www.educ-montessori.com\/wp-content\/uploads\/2024\/11\/banniere-site-2-300x53.jpg 300w, https:\/\/www.educ-montessori.com\/wp-content\/uploads\/2024\/11\/banniere-site-2-768x135.jpg 768w, https:\/\/www.educ-montessori.com\/wp-content\/uploads\/2024\/11\/banniere-site-2.jpg 1100w\" sizes=\"auto, (max-width: 1024px) 100vw, 1024px\" \/><\/a><\/figure>\n\n\n\n<div class=\"wp-block-media-text is-stacked-on-mobile\" style=\"grid-template-columns:44% auto\"><figure class=\"wp-block-media-text__media\"><img loading=\"lazy\" decoding=\"async\" width=\"325\" height=\"257\" src=\"http:\/\/www.educ-montessori.com\/wp-content\/uploads\/2025\/04\/abstract-red-gold-magic-book-260nw-350462330.jpg\" alt=\"\" class=\"wp-image-1460 size-full\" srcset=\"https:\/\/www.educ-montessori.com\/wp-content\/uploads\/2025\/04\/abstract-red-gold-magic-book-260nw-350462330.jpg 325w, https:\/\/www.educ-montessori.com\/wp-content\/uploads\/2025\/04\/abstract-red-gold-magic-book-260nw-350462330-300x237.jpg 300w\" sizes=\"auto, (max-width: 325px) 100vw, 325px\" \/><\/figure><div class=\"wp-block-media-text__content\">\n<h2 class=\"wp-block-heading\">Quelles lectures pour commencer ?<\/h2>\n<\/div><\/div>\n\n\n\n<p>C\u2019est \u00e0 l\u2019\u00e9t\u00e9 2022 que tout a commenc\u00e9. Apr\u00e8s avoir visionn\u00e9 une vid\u00e9o sur les barres rouges et bleues, ma curiosit\u00e9 pour <strong>la p\u00e9dagogie Montessori<\/strong> a \u00e9t\u00e9 piqu\u00e9e. Petit \u00e0 petit, j\u2019ai commenc\u00e9 \u00e0 m\u2019y int\u00e9resser de plus pr\u00e8s, et comme beaucoup, j\u2019ai rapidement d\u00e9couvert le travail passionnant de C\u00e9line Alvarez, qui a su adapter cette p\u00e9dagogie dans une classe maternelle publique. Ses partages ont \u00e9t\u00e9 une v\u00e9ritable porte d\u2019entr\u00e9e pour moi.<\/p>\n\n\n\n<p>Mais tr\u00e8s vite, j\u2019ai compris que si je voulais transposer cette p\u00e9dagogie dans ma classe de CP, il me fallait aller plus loin. D\u2019autres lectures ont \u00e9t\u00e9 n\u00e9cessaires pour approfondir mes connaissances, comprendre les fondements, r\u00e9fl\u00e9chir \u00e0 l\u2019adaptation possible au cycle 2\u2026 <br><br>Je vous partage donc ici une liste <strong>des ouvrages<\/strong> que j\u2019ai lus depuis le d\u00e9but de ma transition.<\/p>\n\n\n\n<figure class=\"wp-block-image size-large\"><a href=\"blog\"><img loading=\"lazy\" decoding=\"async\" width=\"1024\" height=\"181\" src=\"http:\/\/www.educ-montessori.com\/wp-content\/uploads\/2024\/11\/banniere-site-2-1024x181.jpg\" alt=\"\" class=\"wp-image-198\" srcset=\"https:\/\/www.educ-montessori.com\/wp-content\/uploads\/2024\/11\/banniere-site-2-1024x181.jpg 1024w, https:\/\/www.educ-montessori.com\/wp-content\/uploads\/2024\/11\/banniere-site-2-300x53.jpg 300w, https:\/\/www.educ-montessori.com\/wp-content\/uploads\/2024\/11\/banniere-site-2-768x135.jpg 768w, https:\/\/www.educ-montessori.com\/wp-content\/uploads\/2024\/11\/banniere-site-2.jpg 1100w\" sizes=\"auto, (max-width: 1024px) 100vw, 1024px\" \/><\/a><\/figure>\n\n\n\n<h2 class=\"wp-block-heading\">Pour commencer :<\/h2>\n\n\n\n<div class=\"wp-block-media-text is-stacked-on-mobile\"><figure class=\"wp-block-media-text__media\"><a href=\"https:\/\/amzn.to\/3GmaK9C\" target=\"_blank\" rel=\" noreferrer noopener\"><img loading=\"lazy\" decoding=\"async\" width=\"633\" height=\"1024\" src=\"https:\/\/www.educ-montessori.com\/wp-content\/uploads\/2025\/04\/6109p7DHOL._SL1294_-633x1024.jpg\" alt=\"\" class=\"wp-image-1438 size-full\" srcset=\"https:\/\/www.educ-montessori.com\/wp-content\/uploads\/2025\/04\/6109p7DHOL._SL1294_-633x1024.jpg 633w, https:\/\/www.educ-montessori.com\/wp-content\/uploads\/2025\/04\/6109p7DHOL._SL1294_-185x300.jpg 185w, https:\/\/www.educ-montessori.com\/wp-content\/uploads\/2025\/04\/6109p7DHOL._SL1294_-768x1242.jpg 768w, https:\/\/www.educ-montessori.com\/wp-content\/uploads\/2025\/04\/6109p7DHOL._SL1294_.jpg 800w\" sizes=\"auto, (max-width: 633px) 100vw, 633px\" \/><\/a><\/figure><div class=\"wp-block-media-text__content\">\n<h2 class=\"wp-block-heading\"><em><a href=\"https:\/\/amzn.to\/3GmaK9C\" target=\"_blank\" rel=\"noreferrer noopener\">Les lois naturelles de l&rsquo;enfant<\/a><\/em> de C\u00e9line Alvarez<\/h2>\n\n\n\n<p>Dans cet ouvrage, <strong>C\u00e9line Alvarez<\/strong> expose les grands principes du d\u00e9veloppement naturel de l\u2019enfant et explique comment adapter la classe pour favoriser l\u2019autonomie, l\u2019\u00e9lan d\u2019apprendre et le respect du rythme de chacun, en s\u2019appuyant sur les lois naturelles du d\u00e9veloppement humain.<\/p>\n\n\n\n<div class=\"wp-block-buttons is-layout-flex wp-block-buttons-is-layout-flex\">\n<div class=\"wp-block-button has-custom-width wp-block-button__width-100\"><a class=\"wp-block-button__link has-vivid-red-background-color has-background wp-element-button\" href=\"https:\/\/www.educ-montessori.com\/index.php\/2025\/04\/13\/les-lois-naturelles-de-lenfant-de-celine-alvarez\/\">Mon avis<\/a><\/div>\n<\/div>\n<\/div><\/div>\n\n\n\n<div class=\"wp-block-media-text is-stacked-on-mobile\"><figure class=\"wp-block-media-text__media\"><a href=\"https:\/\/amzn.to\/3Ysm7Da\" target=\"_blank\" rel=\" noreferrer noopener\"><img loading=\"lazy\" decoding=\"async\" width=\"705\" height=\"1024\" src=\"https:\/\/www.educ-montessori.com\/wp-content\/uploads\/2025\/04\/81taz4kZhcL._SL1500_-705x1024.jpg\" alt=\"\" class=\"wp-image-1433 size-full\" srcset=\"https:\/\/www.educ-montessori.com\/wp-content\/uploads\/2025\/04\/81taz4kZhcL._SL1500_-705x1024.jpg 705w, https:\/\/www.educ-montessori.com\/wp-content\/uploads\/2025\/04\/81taz4kZhcL._SL1500_-207x300.jpg 207w, https:\/\/www.educ-montessori.com\/wp-content\/uploads\/2025\/04\/81taz4kZhcL._SL1500_-768x1115.jpg 768w, https:\/\/www.educ-montessori.com\/wp-content\/uploads\/2025\/04\/81taz4kZhcL._SL1500_.jpg 1033w\" sizes=\"auto, (max-width: 705px) 100vw, 705px\" \/><\/a><\/figure><div class=\"wp-block-media-text__content\">\n<h2 class=\"wp-block-heading\" style=\"font-size:35px\"><em><strong><a href=\"https:\/\/amzn.to\/3Ysm7Da\" target=\"_blank\" rel=\"noreferrer noopener\">Une ann\u00e9e pour tout changer<\/a><\/strong><\/em> de C\u00e9line Alvarez<\/h2>\n\n\n\n<p>C\u00e9line Alvarez partage dans ce livre son exp\u00e9rience en Belgique aupr\u00e8s de 750 enseignants qui ont choisi de transformer leur classe pour favoriser l\u2019autonomie des \u00e9l\u00e8ves, sans forc\u00e9ment utiliser du mat\u00e9riel Montessori. Elle y d\u00e9crit les \u00e9tapes de cette transition et les changements de posture n\u00e9cessaires pour accompagner autrement les apprentissages.<\/p>\n\n\n\n<div class=\"wp-block-buttons is-layout-flex wp-block-buttons-is-layout-flex\">\n<div class=\"wp-block-button has-custom-width wp-block-button__width-100\"><a class=\"wp-block-button__link wp-element-button\" href=\"https:\/\/www.educ-montessori.com\/index.php\/2025\/04\/13\/une-annee-pour-tout-changer-celine-alvarez\/\">Mon avis<\/a><\/div>\n<\/div>\n<\/div><\/div>\n\n\n\n<div class=\"wp-block-media-text is-stacked-on-mobile\"><figure class=\"wp-block-media-text__media\"><a href=\"https:\/\/amzn.to\/4jQjcgb\" target=\"_blank\" rel=\" noreferrer noopener\"><img loading=\"lazy\" decoding=\"async\" width=\"683\" height=\"1024\" src=\"https:\/\/www.educ-montessori.com\/wp-content\/uploads\/2025\/04\/81p88mYctSL._SL1500_-683x1024.jpg\" alt=\"\" class=\"wp-image-1446 size-full\" srcset=\"https:\/\/www.educ-montessori.com\/wp-content\/uploads\/2025\/04\/81p88mYctSL._SL1500_-683x1024.jpg 683w, https:\/\/www.educ-montessori.com\/wp-content\/uploads\/2025\/04\/81p88mYctSL._SL1500_-200x300.jpg 200w, https:\/\/www.educ-montessori.com\/wp-content\/uploads\/2025\/04\/81p88mYctSL._SL1500_-768x1152.jpg 768w, https:\/\/www.educ-montessori.com\/wp-content\/uploads\/2025\/04\/81p88mYctSL._SL1500_.jpg 1000w\" sizes=\"auto, (max-width: 683px) 100vw, 683px\" \/><\/a><\/figure><div class=\"wp-block-media-text__content\">\n<h2 class=\"wp-block-heading\"><a href=\"https:\/\/amzn.to\/4jQjcgb\" target=\"_blank\" rel=\"noreferrer noopener\">Montessori \u00e0 l&rsquo;\u00e9cole \u00e9l\u00e9mentaire: Du CP au CM2 \u00e0 l&rsquo;\u00e9cole publique<\/a><\/h2>\n\n\n\n<p>Dans cet ouvrage, <strong>St\u00e9phanie Marchand <\/strong>partage sa double exp\u00e9rience d\u2019enseignante Montessori et en \u00e9cole publique. Elle y propose une vision claire et accessible de la p\u00e9dagogie Montessori appliqu\u00e9e aux 6-12 ans, avec de nombreux conseils concrets pour l\u2019adapter \u00e0 une classe du CP au CM2, tout en respectant les programmes de l\u2019\u00c9ducation nationale.<\/p>\n\n\n\n<div class=\"wp-block-buttons is-layout-flex wp-block-buttons-is-layout-flex\">\n<div class=\"wp-block-button has-custom-width wp-block-button__width-100 is-style-fill\"><a class=\"wp-block-button__link has-vivid-red-background-color has-background wp-element-button\" href=\"https:\/\/www.educ-montessori.com\/index.php\/2025\/04\/13\/montessori-a-lecole-elementaire-du-cp-au-cm2-a-lecole-publique-de-stephanie-marchand\/\">Mon avis<\/a><\/div>\n<\/div>\n<\/div><\/div>\n\n\n\n<figure class=\"wp-block-image size-large\"><a href=\"https:\/\/www.educ-montessori.com\/index.php\/blog-2\/\"><img loading=\"lazy\" decoding=\"async\" width=\"1024\" height=\"181\" src=\"http:\/\/www.educ-montessori.com\/wp-content\/uploads\/2024\/11\/banniere-site-2-1024x181.jpg\" alt=\"\" class=\"wp-image-198\" srcset=\"https:\/\/www.educ-montessori.com\/wp-content\/uploads\/2024\/11\/banniere-site-2-1024x181.jpg 1024w, https:\/\/www.educ-montessori.com\/wp-content\/uploads\/2024\/11\/banniere-site-2-300x53.jpg 300w, https:\/\/www.educ-montessori.com\/wp-content\/uploads\/2024\/11\/banniere-site-2-768x135.jpg 768w, https:\/\/www.educ-montessori.com\/wp-content\/uploads\/2024\/11\/banniere-site-2.jpg 1100w\" sizes=\"auto, (max-width: 1024px) 100vw, 1024px\" \/><\/a><\/figure>\n\n\n\n<h2 class=\"wp-block-heading\">P\u00e9dagogie Montessori<\/h2>\n\n\n\n<p>Ce qui est parfois un peu complexe, si vous \u00eates comme moi en CP, c\u2019est que l\u2019on se trouve un peu entre deux ambiances Montessori. Pour moi, le d\u00e9but d\u2019ann\u00e9e reste tr\u00e8s marqu\u00e9 par l\u2019ambiance 3-6 ans : cela permet de s\u00e9curiser les enfants encore fragiles, parfois en difficult\u00e9 d\u00e8s la maternelle, et de leur offrir un cadre qui les r\u00e9v\u00e8le. Et puis, au fil de l\u2019ann\u00e9e, on glisse progressivement vers l\u2019ambiance 6-9 ans.<\/p>\n\n\n\n<p>Voici les ouvrages qui m&rsquo;ont aid\u00e9e \u00e0 approfondir mes connaissances sur la p\u00e9dagogie Montessori.<\/p>\n\n\n\n<div class=\"wp-block-media-text is-stacked-on-mobile\"><figure class=\"wp-block-media-text__media\"><a href=\"https:\/\/amzn.to\/3RTfDcN\" target=\"_blank\" rel=\" noreferrer noopener\"><img loading=\"lazy\" decoding=\"async\" width=\"1024\" height=\"726\" src=\"https:\/\/www.educ-montessori.com\/wp-content\/uploads\/2025\/04\/51WKrKx9IhL._SL1129_-1024x726.jpg\" alt=\"\" class=\"wp-image-1450 size-full\" srcset=\"https:\/\/www.educ-montessori.com\/wp-content\/uploads\/2025\/04\/51WKrKx9IhL._SL1129_-1024x726.jpg 1024w, https:\/\/www.educ-montessori.com\/wp-content\/uploads\/2025\/04\/51WKrKx9IhL._SL1129_-300x213.jpg 300w, https:\/\/www.educ-montessori.com\/wp-content\/uploads\/2025\/04\/51WKrKx9IhL._SL1129_-768x544.jpg 768w, https:\/\/www.educ-montessori.com\/wp-content\/uploads\/2025\/04\/51WKrKx9IhL._SL1129_.jpg 1129w\" sizes=\"auto, (max-width: 1024px) 100vw, 1024px\" \/><\/a><\/figure><div class=\"wp-block-media-text__content\">\n<h2 class=\"wp-block-heading\" style=\"font-size:35px\"><a href=\"https:\/\/amzn.to\/3RTfDcN\" target=\"_blank\" rel=\"noreferrer noopener\">Montessori Pas \u00e0 Pas&#8230; 2-6 ans<\/a><\/h2>\n\n\n\n<p><strong>Principes, Vie pratique, Vie sensorielle, Langage, Calcul et Maths<\/strong><\/p>\n\n\n\n<p>Ce manuel illustr\u00e9 compile en un seul volume les bases th\u00e9oriques et les pr\u00e9sentations pratiques pour les enfants de 2 \u00e0 6 ans. <\/p>\n\n\n\n<div class=\"wp-block-buttons is-layout-flex wp-block-buttons-is-layout-flex\">\n<div class=\"wp-block-button has-custom-width wp-block-button__width-100\"><a class=\"wp-block-button__link wp-element-button\" href=\"https:\/\/amzn.to\/3RTfDcN\" target=\"_blank\" rel=\"noreferrer noopener\">Acheter<\/a><\/div>\n<\/div>\n<\/div><\/div>\n\n\n\n<div class=\"wp-block-media-text is-stacked-on-mobile\"><figure class=\"wp-block-media-text__media\"><a href=\"https:\/\/amzn.to\/3YqdPvG\" target=\"_blank\" rel=\" noreferrer noopener\"><img loading=\"lazy\" decoding=\"async\" width=\"1024\" height=\"724\" src=\"https:\/\/www.educ-montessori.com\/wp-content\/uploads\/2025\/04\/51HRer77V8L._SL1132_-1024x724.jpg\" alt=\"\" class=\"wp-image-1452 size-full\" srcset=\"https:\/\/www.educ-montessori.com\/wp-content\/uploads\/2025\/04\/51HRer77V8L._SL1132_-1024x724.jpg 1024w, https:\/\/www.educ-montessori.com\/wp-content\/uploads\/2025\/04\/51HRer77V8L._SL1132_-300x212.jpg 300w, https:\/\/www.educ-montessori.com\/wp-content\/uploads\/2025\/04\/51HRer77V8L._SL1132_-768x543.jpg 768w, https:\/\/www.educ-montessori.com\/wp-content\/uploads\/2025\/04\/51HRer77V8L._SL1132_.jpg 1132w\" sizes=\"auto, (max-width: 1024px) 100vw, 1024px\" \/><\/a><\/figure><div class=\"wp-block-media-text__content\">\n<h2 class=\"wp-block-heading\"><a href=\"https:\/\/amzn.to\/3YqdPvG\" target=\"_blank\" rel=\"noreferrer noopener\">Le fran\u00e7ais, les maths 6-12 ans<\/a><\/h2>\n\n\n\n<p>Ce manuel rassemble en un seul volume deux titres consacr\u00e9s aux math\u00e9matiques et au fran\u00e7ais dans la p\u00e9dagogie Montessori pour les enfants de 6 \u00e0 12 ans.<\/p>\n\n\n\n<div class=\"wp-block-buttons is-layout-flex wp-block-buttons-is-layout-flex\">\n<div class=\"wp-block-button has-custom-width wp-block-button__width-100\"><a class=\"wp-block-button__link has-vivid-red-background-color has-background wp-element-button\" href=\"https:\/\/amzn.to\/3YqdPvG\" target=\"_blank\" rel=\"noreferrer noopener\">Acheter<\/a><\/div>\n<\/div>\n<\/div><\/div>\n\n\n\n<div class=\"wp-block-media-text is-stacked-on-mobile\"><figure class=\"wp-block-media-text__media\"><a href=\"https:\/\/amzn.to\/43Sy0pM\" target=\"_blank\" rel=\" noreferrer noopener\"><img loading=\"lazy\" decoding=\"async\" width=\"810\" height=\"1000\" src=\"https:\/\/www.educ-montessori.com\/wp-content\/uploads\/2025\/04\/51RoZVRcy6L._SL1000_.jpg\" alt=\"\" class=\"wp-image-1453 size-full\" srcset=\"https:\/\/www.educ-montessori.com\/wp-content\/uploads\/2025\/04\/51RoZVRcy6L._SL1000_.jpg 810w, https:\/\/www.educ-montessori.com\/wp-content\/uploads\/2025\/04\/51RoZVRcy6L._SL1000_-243x300.jpg 243w, https:\/\/www.educ-montessori.com\/wp-content\/uploads\/2025\/04\/51RoZVRcy6L._SL1000_-768x948.jpg 768w\" sizes=\"auto, (max-width: 810px) 100vw, 810px\" \/><\/a><\/figure><div class=\"wp-block-media-text__content\">\n<h2 class=\"wp-block-heading\">Les sciences 6-12 ans<\/h2>\n\n\n\n<p>Ce guide propose une grande vari\u00e9t\u00e9 d\u2019activit\u00e9s scientifiques inspir\u00e9es de la p\u00e9dagogie Montessori, destin\u00e9es aux enfants de 6 \u00e0 12 ans. Tr\u00e8s concret, il s\u2019appuie sur la manipulation, l\u2019exp\u00e9rimentation et l\u2019observation du monde r\u00e9el, avec l\u2019id\u00e9e que les sciences se vivent d\u2019abord avec les mains et les sens.<\/p>\n\n\n\n<div class=\"wp-block-buttons is-layout-flex wp-block-buttons-is-layout-flex\">\n<div class=\"wp-block-button has-custom-width wp-block-button__width-100\"><a class=\"wp-block-button__link wp-element-button\" href=\"https:\/\/amzn.to\/43Sy0pM\" target=\"_blank\" rel=\"noreferrer noopener\">Acheter<\/a><\/div>\n<\/div>\n<\/div><\/div>\n\n\n\n<div class=\"wp-block-media-text is-stacked-on-mobile\"><figure class=\"wp-block-media-text__media\"><a href=\"https:\/\/amzn.to\/3XX4hbw\" target=\"_blank\" rel=\" noreferrer noopener\"><img loading=\"lazy\" decoding=\"async\" width=\"342\" height=\"428\" src=\"https:\/\/www.educ-montessori.com\/wp-content\/uploads\/2025\/04\/31iwCndAQCL._SX342_SY445_.jpg\" alt=\"\" class=\"wp-image-1454 size-full\" srcset=\"https:\/\/www.educ-montessori.com\/wp-content\/uploads\/2025\/04\/31iwCndAQCL._SX342_SY445_.jpg 342w, https:\/\/www.educ-montessori.com\/wp-content\/uploads\/2025\/04\/31iwCndAQCL._SX342_SY445_-240x300.jpg 240w\" sizes=\"auto, (max-width: 342px) 100vw, 342px\" \/><\/a><\/figure><div class=\"wp-block-media-text__content\">\n<h2 class=\"wp-block-heading\"><a href=\"https:\/\/amzn.to\/3XX4hbw\" target=\"_blank\" rel=\"noreferrer noopener\">Les grands r\u00e9cits<\/a><\/h2>\n\n\n\n<p>Cet ouvrage rassemble les cinq grands r\u00e9cits \u00ab\u00a0montessoriens\u00a0\u00bb destin\u00e9s aux enfants de 6 \u00e0 12 ans : l\u2019histoire de l\u2019Univers, de la Terre, de la vie, de l\u2019\u00eatre humain, de l\u2019\u00e9criture et des nombres.<\/p>\n\n\n\n<div class=\"wp-block-buttons is-layout-flex wp-block-buttons-is-layout-flex\">\n<div class=\"wp-block-button has-custom-width wp-block-button__width-100\"><a class=\"wp-block-button__link has-vivid-red-background-color has-background wp-element-button\" href=\"https:\/\/amzn.to\/3XX4hbw\" target=\"_blank\" rel=\"noreferrer noopener\">Acheter<\/a><\/div>\n<\/div>\n<\/div><\/div>\n\n\n\n<figure class=\"wp-block-image size-large\"><a href=\"https:\/\/www.educ-montessori.com\/index.php\/blog-2\/\"><img loading=\"lazy\" decoding=\"async\" width=\"1024\" height=\"181\" src=\"http:\/\/www.educ-montessori.com\/wp-content\/uploads\/2024\/11\/banniere-site-2-1024x181.jpg\" alt=\"\" class=\"wp-image-198\" srcset=\"https:\/\/www.educ-montessori.com\/wp-content\/uploads\/2024\/11\/banniere-site-2-1024x181.jpg 1024w, https:\/\/www.educ-montessori.com\/wp-content\/uploads\/2024\/11\/banniere-site-2-300x53.jpg 300w, https:\/\/www.educ-montessori.com\/wp-content\/uploads\/2024\/11\/banniere-site-2-768x135.jpg 768w, https:\/\/www.educ-montessori.com\/wp-content\/uploads\/2024\/11\/banniere-site-2.jpg 1100w\" sizes=\"auto, (max-width: 1024px) 100vw, 1024px\" \/><\/a><\/figure>\n\n\n\n<p><\/p>\n","protected":false},"excerpt":{"rendered":"<p>Quelles lectures pour commencer ? C\u2019est \u00e0 l\u2019\u00e9t\u00e9 2022 que tout a commenc\u00e9. Apr\u00e8s avoir visionn\u00e9 une vid\u00e9o sur les barres rouges et bleues, ma curiosit\u00e9 pour la p\u00e9dagogie Montessori a \u00e9t\u00e9 piqu\u00e9e. Petit \u00e0 petit, j\u2019ai commenc\u00e9 \u00e0 m\u2019y int\u00e9resser de plus pr\u00e8s, et comme beaucoup, j\u2019ai rapidement d\u00e9couvert le travail passionnant de C\u00e9line [&hellip;]<\/p>\n","protected":false},"author":2,"featured_media":0,"parent":0,"menu_order":0,"comment_status":"closed","ping_status":"closed","template":"","meta":{"_themeisle_gutenberg_block_has_review":false,"footnotes":""},"class_list":["post-1432","page","type-page","status-publish","hentry"],"_links":{"self":[{"href":"https:\/\/www.educ-montessori.com\/index.php\/wp-json\/wp\/v2\/pages\/1432","targetHints":{"allow":["GET"]}}],"collection":[{"href":"https:\/\/www.educ-montessori.com\/index.php\/wp-json\/wp\/v2\/pages"}],"about":[{"href":"https:\/\/www.educ-montessori.com\/index.php\/wp-json\/wp\/v2\/types\/page"}],"author":[{"embeddable":true,"href":"https:\/\/www.educ-montessori.com\/index.php\/wp-json\/wp\/v2\/users\/2"}],"replies":[{"embeddable":true,"href":"https:\/\/www.educ-montessori.com\/index.php\/wp-json\/wp\/v2\/comments?post=1432"}],"version-history":[{"count":11,"href":"https:\/\/www.educ-montessori.com\/index.php\/wp-json\/wp\/v2\/pages\/1432\/revisions"}],"predecessor-version":[{"id":1464,"href":"https:\/\/www.educ-montessori.com\/index.php\/wp-json\/wp\/v2\/pages\/1432\/revisions\/1464"}],"wp:attachment":[{"href":"https:\/\/www.educ-montessori.com\/index.php\/wp-json\/wp\/v2\/media?parent=1432"}],"curies":[{"name":"wp","href":"https:\/\/api.w.org\/{rel}","templated":true}]}}